{"id":842,"date":"2026-01-23T17:20:27","date_gmt":"2026-01-23T17:20:27","guid":{"rendered":"https:\/\/viewizi.com\/?page_id=842"},"modified":"2026-04-18T17:10:15","modified_gmt":"2026-04-18T17:10:15","slug":"digital-delivery","status":"publish","type":"page","link":"https:\/\/viewizi.com\/sq\/digital-delivery\/","title":{"rendered":"shp\u00ebrndarje dixhitale"},"content":{"rendered":"<div data-elementor-type=\"wp-page\" data-elementor-id=\"842\" class=\"elementor elementor-842\" data-elementor-post-type=\"page\">\n\t\t\t\t<div class=\"has_eae_slider elementor-element elementor-element-65d4d93 e-flex e-con-boxed wpr-particle-no wpr-jarallax-no wpr-parallax-no wpr-sticky-section-no wpr-equal-height-no e-con e-parent\" data-eae-slider=\"50523\" data-id=\"65d4d93\" data-element_type=\"container\" data-e-type=\"container\" data-settings=\"{&quot;background_background&quot;:&quot;classic&quot;}\">\n\t\t\t\t\t<div class=\"e-con-inner\">\n\t\t<div class=\"has_eae_slider elementor-element elementor-element-2ee0327 e-con-full e-flex wpr-particle-no wpr-jarallax-no wpr-parallax-no wpr-sticky-section-no wpr-equal-height-no e-con e-child\" data-eae-slider=\"30508\" data-id=\"2ee0327\" data-element_type=\"container\" data-e-type=\"container\">\n\t\t\t\t<div class=\"elementor-element elementor-element-a7903bd eael-dual-header-content-align-center elementor-widget elementor-widget-eael-dual-color-header\" data-id=\"a7903bd\" data-element_type=\"widget\" data-e-type=\"widget\" data-widget_type=\"eael-dual-color-header.default\">\n\t\t\t\t\t\t\t\t<div class=\"eael-dual-header\">\n\t\t\t\t<h2 class=\"title eael-dch-title\"><span class=\"eael-dch-title-text eael-dch-title-lead lead solid-color\">DIXHITAL <\/span> <span class=\"eael-dch-title-text\">DOR\u00cbZIM<\/span><\/h2>\t\t\t<\/div>\n\n\t\t\t\t\t\t<\/div>\n\t\t\t\t<\/div>\n\t\t\t\t\t<\/div>\n\t\t\t\t<\/div>\n\t\t<div class=\"has_eae_slider elementor-element elementor-element-fbc761c e-flex e-con-boxed wpr-particle-no wpr-jarallax-no wpr-parallax-no wpr-sticky-section-no wpr-equal-height-no e-con e-parent\" data-eae-slider=\"59906\" data-id=\"fbc761c\" data-element_type=\"container\" data-e-type=\"container\">\n\t\t\t\t\t<div class=\"e-con-inner\">\n\t\t\t\t<div class=\"elementor-element elementor-element-923e5b3 elementor-widget__width-initial elementor-widget elementor-widget-text-editor\" data-id=\"923e5b3\" data-element_type=\"widget\" data-e-type=\"widget\" data-widget_type=\"text-editor.default\">\n\t\t\t\t\t\t\t\t\t<p data-start=\"199\" data-end=\"361\">N\u00eb <strong>VIEWIZI<\/strong>, t\u00eb gjitha sh\u00ebrbimet ofrohen n\u00eb m\u00ebnyr\u00eb dixhitale. Kjo politik\u00eb shpjegon se si dhe kur merrni aksesin tuaj n\u00eb IPTV pas p\u00ebrfundimit t\u00eb nj\u00eb blerjeje.<\/p>\n<hr data-start=\"363\" data-end=\"366\">\n<p data-start=\"368\" data-end=\"387\"><strong data-start=\"368\" data-end=\"387\">Metoda e Dor\u00ebzimit<\/strong><\/p>\n<p data-start=\"389\" data-end=\"472\">T\u00eb gjitha sh\u00ebrbimet IPTV ofrohen elektronikisht.<br data-start=\"436\" data-end=\"439\">Nuk d\u00ebrgohen produkte fizike.<\/p>\n<p data-start=\"474\" data-end=\"492\">Dor\u00ebzimi p\u00ebrfshin:<\/p>\n<ul data-start=\"493\" data-end=\"578\">\n<li data-start=\"493\" data-end=\"539\">\n<p data-start=\"495\" data-end=\"539\">Kredencialet e hyrjes n\u00eb IPTV ose detajet e aktivizimit<\/p>\n<\/li>\n<li data-start=\"540\" data-end=\"578\">\n<p data-start=\"542\" data-end=\"578\">Udh\u00ebzime p\u00ebr konfigurim (kur \u00ebsht\u00eb e aplikueshme)<\/p>\n<\/li>\n<\/ul>\n<hr data-start=\"580\" data-end=\"583\">\n<p data-start=\"585\" data-end=\"602\"><strong data-start=\"585\" data-end=\"602\">Koha e dor\u00ebzimit<\/strong><\/p>\n<p data-start=\"604\" data-end=\"630\">Shumica e porosive dor\u00ebzohen:<\/p>\n<ul data-start=\"631\" data-end=\"702\">\n<li data-start=\"631\" data-end=\"648\">\n<p data-start=\"633\" data-end=\"648\">Menj\u00ebher\u00eb, ose<\/p>\n<\/li>\n<li data-start=\"649\" data-end=\"702\">\n<p data-start=\"651\" data-end=\"702\">Brenda <strong data-start=\"658\" data-end=\"675\">5 deri n\u00eb 24 or\u00eb<\/strong> pas konfirmimit t\u00eb pages\u00ebs<\/p>\n<\/li>\n<\/ul>\n<p data-start=\"704\" data-end=\"780\">N\u00eb raste t\u00eb rralla, d\u00ebrgesa mund t\u00eb zgjas\u00eb m\u00eb shum\u00eb p\u00ebr shkak t\u00eb kontrolleve t\u00eb sistemit ose k\u00ebrkes\u00ebs s\u00eb lart\u00eb.<\/p>\n<hr data-start=\"782\" data-end=\"785\">\n<p data-start=\"787\" data-end=\"808\"><strong data-start=\"787\" data-end=\"808\">Kanalet e Dor\u00ebzimit<\/strong><\/p>\n<p data-start=\"810\" data-end=\"844\">Dor\u00ebzimi dixhital kryhet n\u00ebp\u00ebrmjet:<\/p>\n<ul data-start=\"845\" data-end=\"921\">\n<li data-start=\"845\" data-end=\"854\">\n<p data-start=\"847\" data-end=\"854\">Email<\/p>\n<\/li>\n<li data-start=\"855\" data-end=\"921\">\n<p data-start=\"857\" data-end=\"921\">WhatsApp, Telegram ose ndonj\u00eb metod\u00eb tjet\u00ebr kontakti e ofruar gjat\u00eb pages\u00ebs<\/p>\n<\/li>\n<\/ul>\n<p data-start=\"923\" data-end=\"991\">Klient\u00ebt jan\u00eb p\u00ebrgjegj\u00ebs p\u00ebr dh\u00ebnien e informacionit t\u00eb sakt\u00eb t\u00eb kontaktit.<\/p>\n<hr data-start=\"993\" data-end=\"996\">\n<p data-start=\"998\" data-end=\"1025\"><strong data-start=\"998\" data-end=\"1025\">P\u00ebrgjegj\u00ebsia e klientit<\/strong><\/p>\n<p data-start=\"1027\" data-end=\"1066\">\u00cbsht\u00eb p\u00ebrgjegj\u00ebsi e klientit t\u00eb:<\/p>\n<ul data-start=\"1067\" data-end=\"1183\">\n<li data-start=\"1067\" data-end=\"1112\">\n<p data-start=\"1069\" data-end=\"1112\">Fut nj\u00eb adres\u00eb email-i ose num\u00ebr telefoni t\u00eb vlefsh\u00ebm<\/p>\n<\/li>\n<li data-start=\"1113\" data-end=\"1141\">\n<p data-start=\"1115\" data-end=\"1141\">Kontrolloni dosjet e spamit ose t\u00eb pad\u00ebshiruara<\/p>\n<\/li>\n<li data-start=\"1142\" data-end=\"1183\">\n<p data-start=\"1144\" data-end=\"1183\">Sigurohuni q\u00eb mesazhet nga ne t\u00eb mos bllokohen<\/p>\n<\/li>\n<\/ul>\n<p data-start=\"1185\" data-end=\"1239\">Mosdh\u00ebnia e t\u00eb dh\u00ebnave t\u00eb sakta mund t\u00eb vonoj\u00eb dor\u00ebzimin.<\/p>\n<hr data-start=\"1241\" data-end=\"1244\">\n<p data-start=\"1246\" data-end=\"1276\"><strong data-start=\"1246\" data-end=\"1276\">D\u00ebrges\u00eb e d\u00ebshtuar ose e vonuar<\/strong><\/p>\n<p data-start=\"1278\" data-end=\"1344\">N\u00ebse nuk e merrni aksesin tuaj brenda afatit t\u00eb caktuar t\u00eb dor\u00ebzimit:<\/p>\n<ul data-start=\"1345\" data-end=\"1424\">\n<li data-start=\"1345\" data-end=\"1371\">\n<p data-start=\"1347\" data-end=\"1371\">Kontaktoni ekipin ton\u00eb t\u00eb mb\u00ebshtetjes<\/p>\n<\/li>\n<li data-start=\"1372\" data-end=\"1424\">\n<p data-start=\"1374\" data-end=\"1424\">Jepni numrin e porosis\u00eb dhe konfirmimin e pages\u00ebs<\/p>\n<\/li>\n<\/ul>\n<p data-start=\"1426\" data-end=\"1475\">Ne do ta zgjidhim problemin sa m\u00eb shpejt t\u00eb jet\u00eb e mundur.<\/p>\n<hr data-start=\"1477\" data-end=\"1480\">\n<p data-start=\"1482\" data-end=\"1506\"><strong data-start=\"1482\" data-end=\"1506\">Pa d\u00ebrges\u00eb fizike<\/strong><\/p>\n<p data-start=\"1508\" data-end=\"1542\">Sepse ky \u00ebsht\u00eb nj\u00eb sh\u00ebrbim dixhital:<\/p>\n<ul data-start=\"1543\" data-end=\"1614\">\n<li data-start=\"1543\" data-end=\"1576\">\n<p data-start=\"1545\" data-end=\"1576\">Nuk k\u00ebrkohet adres\u00eb d\u00ebrgimi<\/p>\n<\/li>\n<li data-start=\"1577\" data-end=\"1614\">\n<p data-start=\"1579\" data-end=\"1614\">Nuk do t\u00eb jepet num\u00ebr gjurmimi<\/p>\n<\/li>\n<\/ul>\n<hr data-start=\"1616\" data-end=\"1619\">\n<p data-start=\"1621\" data-end=\"1650\"><strong data-start=\"1621\" data-end=\"1650\">Nuk ka rimbursime pas dor\u00ebzimit<\/strong><\/p>\n<p data-start=\"1652\" data-end=\"1705\">Pasi t\u00eb jet\u00eb ofruar dhe aktivizuar qasja dixhitale:<\/p>\n<ul data-start=\"1706\" data-end=\"1771\">\n<li data-start=\"1706\" data-end=\"1743\">\n<p data-start=\"1708\" data-end=\"1743\">Sh\u00ebrbimi konsiderohet i p\u00ebrmbushur<\/p>\n<\/li>\n<li data-start=\"1744\" data-end=\"1771\">\n<p data-start=\"1746\" data-end=\"1771\">Rimbursimet nuk jan\u00eb t\u00eb disponueshme<\/p>\n<\/li>\n<\/ul>\n<hr data-start=\"1773\" data-end=\"1776\">\n<p data-start=\"1778\" data-end=\"1801\"><strong data-start=\"1778\" data-end=\"1801\">Support and Contact<\/strong><\/p>\n<p data-start=\"1803\" data-end=\"1910\">Email: <strong data-start=\"1810\" data-end=\"1834\">contact@viewizi<\/strong><strong style=\"font-size: 1rem;\"><span style=\"color: #000000;\">.com<\/span><\/strong><\/p>\t\t\t\t\t\t\t\t<\/div>\n\t\t\t\t\t<\/div>\n\t\t\t\t<\/div>\n\t\t\t\t<\/div>","protected":false},"excerpt":{"rendered":"<p>DIGITAL DELIVERY At VIEWIZI, all services are delivered digitally. This policy explains how and when you receive your IPTV access after completing a purchase. Delivery Method All IPTV services are delivered electronically.No physical products are shipped. Delivery includes: IPTV login credentials or activation details Setup instructions (when applicable) Delivery Time Most orders are delivered: Instantly, or Within 5 to 24 hours after payment confirmation In rare cases, delivery may take longer due to system checks or high demand. Delivery Channels Digital delivery is completed via: Email WhatsApp, Telegram, or other contact method provided at checkout Customers are responsible for providing correct contact information. Customer Responsibility It is the customer\u2019s responsibility to: Enter a valid email address or phone number Check spam or junk folders Ensure messages from us are not blocked Failure to provide correct details may delay delivery. Failed or Delayed Delivery If you do not receive your access within the stated delivery time: Contact our support team Provide your order number and payment confirmation We will resolve the issue as quickly as possible. No Physical Shipment Because this is a digital service: No shipping address is required No tracking number will be provided No Refunds After Delivery Once digital access has been delivered and activated: The service is considered fulfilled Refunds are not available Support and Contact Email: contact@viewizi.com<\/p>","protected":false},"author":2,"featured_media":0,"parent":0,"menu_order":0,"comment_status":"closed","ping_status":"closed","template":"","meta":{"footnotes":""},"class_list":["post-842","page","type-page","status-publish","hentry"],"_hostinger_reach_plugin_has_subscription_block":false,"_hostinger_reach_plugin_is_elementor":false,"_links":{"self":[{"href":"https:\/\/viewizi.com\/sq\/wp-json\/wp\/v2\/pages\/842","targetHints":{"allow":["GET"]}}],"collection":[{"href":"https:\/\/viewizi.com\/sq\/wp-json\/wp\/v2\/pages"}],"about":[{"href":"https:\/\/viewizi.com\/sq\/wp-json\/wp\/v2\/types\/page"}],"author":[{"embeddable":true,"href":"https:\/\/viewizi.com\/sq\/wp-json\/wp\/v2\/users\/2"}],"replies":[{"embeddable":true,"href":"https:\/\/viewizi.com\/sq\/wp-json\/wp\/v2\/comments?post=842"}],"version-history":[{"count":19,"href":"https:\/\/viewizi.com\/sq\/wp-json\/wp\/v2\/pages\/842\/revisions"}],"predecessor-version":[{"id":2902,"href":"https:\/\/viewizi.com\/sq\/wp-json\/wp\/v2\/pages\/842\/revisions\/2902"}],"wp:attachment":[{"href":"https:\/\/viewizi.com\/sq\/wp-json\/wp\/v2\/media?parent=842"}],"curies":[{"name":"wp","href":"https:\/\/api.w.org\/{rel}","templated":true}]}}