{"id":838,"date":"2026-01-23T17:19:53","date_gmt":"2026-01-23T17:19:53","guid":{"rendered":"https:\/\/viewizi.com\/?page_id=838"},"modified":"2026-04-18T17:05:56","modified_gmt":"2026-04-18T17:05:56","slug":"refund-policy","status":"publish","type":"page","link":"https:\/\/viewizi.com\/sq\/refund-policy\/","title":{"rendered":"politika e rimbursimit"},"content":{"rendered":"<div data-elementor-type=\"wp-page\" data-elementor-id=\"838\" class=\"elementor elementor-838\" data-elementor-post-type=\"page\">\n\t\t\t\t<div class=\"has_eae_slider elementor-element elementor-element-12449d9 e-flex e-con-boxed wpr-particle-no wpr-jarallax-no wpr-parallax-no wpr-sticky-section-no wpr-equal-height-no e-con e-parent\" data-eae-slider=\"63313\" data-id=\"12449d9\" data-element_type=\"container\" data-e-type=\"container\" data-settings=\"{&quot;background_background&quot;:&quot;classic&quot;}\">\n\t\t\t\t\t<div class=\"e-con-inner\">\n\t\t<div class=\"has_eae_slider elementor-element elementor-element-69c911c e-con-full e-flex wpr-particle-no wpr-jarallax-no wpr-parallax-no wpr-sticky-section-no wpr-equal-height-no e-con e-child\" data-eae-slider=\"69012\" data-id=\"69c911c\" data-element_type=\"container\" data-e-type=\"container\">\n\t\t\t\t<div class=\"elementor-element elementor-element-4cfe9e6 eael-dual-header-content-align-center elementor-widget elementor-widget-eael-dual-color-header\" data-id=\"4cfe9e6\" data-element_type=\"widget\" data-e-type=\"widget\" data-widget_type=\"eael-dual-color-header.default\">\n\t\t\t\t\t\t\t\t<div class=\"eael-dual-header\">\n\t\t\t\t<h2 class=\"title eael-dch-title\"><span class=\"eael-dch-title-text eael-dch-title-lead lead solid-color\">RIMBURSIM<\/span> <span class=\"eael-dch-title-text\">POLITIKA<\/span><\/h2>\t\t\t<\/div>\n\n\t\t\t\t\t\t<\/div>\n\t\t\t\t<\/div>\n\t\t\t\t\t<\/div>\n\t\t\t\t<\/div>\n\t\t<div class=\"has_eae_slider elementor-element elementor-element-06bc16a e-flex e-con-boxed wpr-particle-no wpr-jarallax-no wpr-parallax-no wpr-sticky-section-no wpr-equal-height-no e-con e-parent\" data-eae-slider=\"87454\" data-id=\"06bc16a\" data-element_type=\"container\" data-e-type=\"container\">\n\t\t\t\t\t<div class=\"e-con-inner\">\n\t\t\t\t<div class=\"elementor-element elementor-element-c52ba57 elementor-widget__width-initial elementor-widget elementor-widget-text-editor\" data-id=\"c52ba57\" data-element_type=\"widget\" data-e-type=\"widget\" data-widget_type=\"text-editor.default\">\n\t\t\t\t\t\t\t\t\t<p data-start=\"191\" data-end=\"350\">N\u00eb <strong>VIEWIZI<\/strong>, ne shesim sh\u00ebrbime dixhitale IPTV q\u00eb ofrohen menj\u00ebher\u00eb. Ju lutemi lexoni me kujdes k\u00ebt\u00eb Politik\u00eb Rimbursimi p\u00ebrpara se t\u00eb b\u00ebni nj\u00eb blerje.<\/p><hr data-start=\"352\" data-end=\"355\" \/><p data-start=\"357\" data-end=\"383\"><strong data-start=\"357\" data-end=\"383\">Politika e Produkteve Dixhitale<\/strong><\/p><p data-start=\"385\" data-end=\"503\">T\u00eb gjitha abonimet IPTV jan\u00eb produkte dixhitale.<br data-start=\"429\" data-end=\"432\" \/>Pasi t\u00eb ofrohet dhe aktivizohet qasja, sh\u00ebrbimi konsiderohet i p\u00ebrdorur.<\/p><hr data-start=\"505\" data-end=\"508\" \/><p data-start=\"510\" data-end=\"530\"><strong data-start=\"510\" data-end=\"530\">Pa politik\u00eb rimbursimi<\/strong><\/p><p data-start=\"532\" data-end=\"560\">Ne nuk ofrojm\u00eb rimbursime p\u00ebr:<\/p><ul data-start=\"561\" data-end=\"825\"><li data-start=\"561\" data-end=\"594\"><p data-start=\"563\" data-end=\"594\">Ndryshimi i mendjes pas blerjes<\/p><\/li><li data-start=\"595\" data-end=\"640\"><p data-start=\"597\" data-end=\"640\">Papajtueshm\u00ebria me pajisjet ose aplikacionet e p\u00ebrdoruesit<\/p><\/li><li data-start=\"641\" data-end=\"687\"><p data-start=\"643\" data-end=\"687\">Probleme me lidhjen e internetit ose bllokim t\u00eb ISP-s\u00eb<\/p><\/li><li data-start=\"688\" data-end=\"741\"><p data-start=\"690\" data-end=\"741\">Nd\u00ebrprerje e p\u00ebrkohshme e kanaleve n\u00eb memorje, ngrirje ose nd\u00ebrprerje t\u00eb p\u00ebrkohshme t\u00eb tyre<\/p><\/li><li data-start=\"742\" data-end=\"777\"><p data-start=\"744\" data-end=\"777\">P\u00ebrdorimi i pjessh\u00ebm i abonimit<\/p><\/li><li data-start=\"778\" data-end=\"825\"><p data-start=\"780\" data-end=\"825\">Pezullimi i llogaris\u00eb p\u00ebr shkak t\u00eb shkeljeve t\u00eb politikave<\/p><\/li><\/ul><hr data-start=\"827\" data-end=\"830\" \/><p data-start=\"832\" data-end=\"858\"><strong data-start=\"832\" data-end=\"858\">E drejta p\u00ebr rimbursim<\/strong><\/p><p data-start=\"860\" data-end=\"894\">Rimbursimet mund t\u00eb merren n\u00eb konsiderat\u00eb vet\u00ebm n\u00ebse:<\/p><ul data-start=\"895\" data-end=\"1006\"><li data-start=\"895\" data-end=\"940\"><p data-start=\"897\" data-end=\"940\">Sh\u00ebrbimi nuk u ofrua fare, dhe<\/p><\/li><li data-start=\"941\" data-end=\"1006\"><p data-start=\"943\" data-end=\"1006\">Ekipi yn\u00eb i mb\u00ebshtetjes nuk \u00ebsht\u00eb n\u00eb gjendje t\u00eb aktivizoj\u00eb ose z\u00ebvend\u00ebsoj\u00eb sh\u00ebrbimin<\/p><\/li><\/ul><p data-start=\"1008\" data-end=\"1082\">N\u00eb raste t\u00eb tilla, problemi duhet t\u00eb raportohet brenda <strong data-start=\"1057\" data-end=\"1069\">24 or\u00eb<\/strong> t\u00eb blerjes.<\/p><hr data-start=\"1084\" data-end=\"1087\" \/><p data-start=\"1089\" data-end=\"1125\"><strong data-start=\"1089\" data-end=\"1125\">P\u00ebrgjegj\u00ebsia p\u00ebr Provat dhe Testimet<\/strong><\/p><p data-start=\"1127\" data-end=\"1157\">Klient\u00ebt jan\u00eb p\u00ebrgjegj\u00ebs p\u00ebr:<\/p><ul data-start=\"1158\" data-end=\"1276\"><li data-start=\"1158\" data-end=\"1207\"><p data-start=\"1160\" data-end=\"1207\">Sigurimi i p\u00ebrputhshm\u00ebris\u00eb s\u00eb pajisjes para blerjes<\/p><\/li><li data-start=\"1208\" data-end=\"1276\"><p data-start=\"1210\" data-end=\"1276\">K\u00ebrkes\u00eb p\u00ebr nj\u00eb prov\u00eb (n\u00ebse \u00ebsht\u00eb e mundur) p\u00ebrpara se t\u00eb blini nj\u00eb plan afatgjat\u00eb<\/p><\/li><\/ul><p data-start=\"1278\" data-end=\"1336\">Mostestimi i sh\u00ebrbimit nuk kualifikohet p\u00ebr rimbursim.<\/p><hr data-start=\"1338\" data-end=\"1341\" \/><p data-start=\"1343\" data-end=\"1371\"><strong data-start=\"1343\" data-end=\"1371\">Rikthime pagesash dhe mosmarr\u00ebveshje<\/strong><\/p><p data-start=\"1373\" data-end=\"1432\">Rikthimet e paautorizuara t\u00eb pagesave ose mosmarr\u00ebveshjet e pagesave mund t\u00eb rezultojn\u00eb n\u00eb:<\/p><ul data-start=\"1433\" data-end=\"1499\"><li data-start=\"1433\" data-end=\"1466\"><p data-start=\"1435\" data-end=\"1466\">Nd\u00ebrprerje e menj\u00ebhershme e sh\u00ebrbimit<\/p><\/li><li data-start=\"1467\" data-end=\"1499\"><p data-start=\"1469\" data-end=\"1499\">Pezullim i p\u00ebrhersh\u00ebm i llogaris\u00eb<\/p><\/li><\/ul><p data-start=\"1501\" data-end=\"1573\">Klient\u00ebt inkurajohen t\u00eb kontaktojn\u00eb mb\u00ebshtetjen p\u00ebrpara se t\u00eb hapin ndonj\u00eb mosmarr\u00ebveshje.<\/p><hr data-start=\"1575\" data-end=\"1578\" \/><p data-start=\"1580\" data-end=\"1597\"><strong data-start=\"1580\" data-end=\"1597\">Metoda e rimbursimit<\/strong><\/p><p data-start=\"1599\" data-end=\"1623\">N\u00ebse miratohet nj\u00eb rimbursim:<\/p><ul data-start=\"1624\" data-end=\"1731\"><li data-start=\"1624\" data-end=\"1679\"><p data-start=\"1626\" data-end=\"1679\">Do t\u00eb l\u00ebshohet duke p\u00ebrdorur metod\u00ebn origjinale t\u00eb pages\u00ebs<\/p><\/li><li data-start=\"1680\" data-end=\"1731\"><p data-start=\"1682\" data-end=\"1731\">Koha e p\u00ebrpunimit varet nga ofruesi i pages\u00ebs<\/p><\/li><\/ul><hr data-start=\"1733\" data-end=\"1736\" \/><p data-start=\"1738\" data-end=\"1769\"><strong data-start=\"1738\" data-end=\"1769\">Kontaktoni p\u00ebr K\u00ebrkesat p\u00ebr Rimbursime<\/strong><\/p><p data-start=\"1771\" data-end=\"1829\">T\u00eb gjitha k\u00ebrkesat p\u00ebr rimbursim duhet t'i d\u00ebrgohen ekipit ton\u00eb t\u00eb mb\u00ebshtetjes me:<\/p><ul data-start=\"1830\" data-end=\"1869\"><li data-start=\"1830\" data-end=\"1846\"><p data-start=\"1832\" data-end=\"1846\">Numri i porosis\u00eb<\/p><\/li><li data-start=\"1847\" data-end=\"1869\"><p data-start=\"1849\" data-end=\"1869\">Arsyeja e k\u00ebrkes\u00ebs<\/p><\/li><\/ul><p data-start=\"1871\" data-end=\"1944\">Email: <strong data-start=\"1878\" data-end=\"1902\">contact@viewizi<\/strong><strong><span style=\"color: #000000;\">.com<\/span><\/strong><\/p>\t\t\t\t\t\t\t\t<\/div>\n\t\t\t\t\t<\/div>\n\t\t\t\t<\/div>\n\t\t\t\t<\/div>","protected":false},"excerpt":{"rendered":"<p>REFUND POLICY At VIEWIZI, we sell digital IPTV services that are delivered instantly. Please read this Refund Policy carefully before making a purchase. Digital Product Policy All IPTV subscriptions are digital products.Once access is delivered and activated, the service is considered used. No Refund Policy We do not offer refunds for: Change of mind after purchase Incompatibility with user devices or apps Internet connection issues or ISP blocking Buffering, freezing, or temporary channel outages Partial use of the subscription Account suspension due to policy violations Eligibility for Refund Refunds may only be considered if: The service was not delivered at all, and Our support team is unable to activate or replace the service In such cases, the issue must be reported within 24 hours of purchase. Trial and Testing Responsibility Customers are responsible for: Ensuring device compatibility before purchase Requesting a trial (if available) before buying a long-term plan Failure to test the service does not qualify for a refund. Chargebacks and Disputes Unauthorized chargebacks or payment disputes may result in: Immediate service termination Permanent account suspension Customers are encouraged to contact support before opening any disputes. Refund Method If a refund is approved: It will be issued using the original payment method Processing time depends on the payment provider Contact for Refund Requests All refund requests must be sent to our support team with: Order number Reason for request Email: contact@viewizi.com<\/p>","protected":false},"author":2,"featured_media":0,"parent":0,"menu_order":0,"comment_status":"closed","ping_status":"closed","template":"","meta":{"footnotes":""},"class_list":["post-838","page","type-page","status-publish","hentry"],"_hostinger_reach_plugin_has_subscription_block":false,"_hostinger_reach_plugin_is_elementor":false,"_links":{"self":[{"href":"https:\/\/viewizi.com\/sq\/wp-json\/wp\/v2\/pages\/838","targetHints":{"allow":["GET"]}}],"collection":[{"href":"https:\/\/viewizi.com\/sq\/wp-json\/wp\/v2\/pages"}],"about":[{"href":"https:\/\/viewizi.com\/sq\/wp-json\/wp\/v2\/types\/page"}],"author":[{"embeddable":true,"href":"https:\/\/viewizi.com\/sq\/wp-json\/wp\/v2\/users\/2"}],"replies":[{"embeddable":true,"href":"https:\/\/viewizi.com\/sq\/wp-json\/wp\/v2\/comments?post=838"}],"version-history":[{"count":13,"href":"https:\/\/viewizi.com\/sq\/wp-json\/wp\/v2\/pages\/838\/revisions"}],"predecessor-version":[{"id":2896,"href":"https:\/\/viewizi.com\/sq\/wp-json\/wp\/v2\/pages\/838\/revisions\/2896"}],"wp:attachment":[{"href":"https:\/\/viewizi.com\/sq\/wp-json\/wp\/v2\/media?parent=838"}],"curies":[{"name":"wp","href":"https:\/\/api.w.org\/{rel}","templated":true}]}}