{"id":840,"date":"2026-01-23T17:20:08","date_gmt":"2026-01-23T17:20:08","guid":{"rendered":"https:\/\/viewizi.com\/?page_id=840"},"modified":"2026-04-18T17:07:42","modified_gmt":"2026-04-18T17:07:42","slug":"warranty-policy","status":"publish","type":"page","link":"https:\/\/viewizi.com\/it\/warranty-policy\/","title":{"rendered":"politica di garanzia"},"content":{"rendered":"<div data-elementor-type=\"wp-page\" data-elementor-id=\"840\" class=\"elementor elementor-840\" data-elementor-post-type=\"page\">\n\t\t\t\t<div class=\"has_eae_slider elementor-element elementor-element-640127e e-flex e-con-boxed wpr-particle-no wpr-jarallax-no wpr-parallax-no wpr-sticky-section-no wpr-equal-height-no e-con e-parent\" data-eae-slider=\"41535\" data-id=\"640127e\" data-element_type=\"container\" data-e-type=\"container\" data-settings=\"{&quot;background_background&quot;:&quot;classic&quot;}\">\n\t\t\t\t\t<div class=\"e-con-inner\">\n\t\t<div class=\"has_eae_slider elementor-element elementor-element-d4118d8 e-con-full e-flex wpr-particle-no wpr-jarallax-no wpr-parallax-no wpr-sticky-section-no wpr-equal-height-no e-con e-child\" data-eae-slider=\"76628\" data-id=\"d4118d8\" data-element_type=\"container\" data-e-type=\"container\">\n\t\t\t\t<div class=\"elementor-element elementor-element-f8893e9 eael-dual-header-content-align-center elementor-widget elementor-widget-eael-dual-color-header\" data-id=\"f8893e9\" data-element_type=\"widget\" data-e-type=\"widget\" data-widget_type=\"eael-dual-color-header.default\">\n\t\t\t\t\t\t\t\t<div class=\"eael-dual-header\">\n\t\t\t\t<h2 class=\"title eael-dch-title\"><span class=\"eael-dch-title-text eael-dch-title-lead lead solid-color\">GARANZIA<\/span> <span class=\"eael-dch-title-text\">POLITICA<\/span><\/h2>\t\t\t<\/div>\n\n\t\t\t\t\t\t<\/div>\n\t\t\t\t<\/div>\n\t\t\t\t\t<\/div>\n\t\t\t\t<\/div>\n\t\t<div class=\"has_eae_slider elementor-element elementor-element-8271c60 e-flex e-con-boxed wpr-particle-no wpr-jarallax-no wpr-parallax-no wpr-sticky-section-no wpr-equal-height-no e-con e-parent\" data-eae-slider=\"59426\" data-id=\"8271c60\" data-element_type=\"container\" data-e-type=\"container\">\n\t\t\t\t\t<div class=\"e-con-inner\">\n\t\t\t\t<div class=\"elementor-element elementor-element-e54d769 elementor-widget__width-initial elementor-widget elementor-widget-text-editor\" data-id=\"e54d769\" data-element_type=\"widget\" data-e-type=\"widget\" data-widget_type=\"text-editor.default\">\n\t\t\t\t\t\t\t\t\t<p data-start=\"135\" data-end=\"383\">A <strong>VIEWIZI<\/strong>Ci impegniamo a fornire un servizio IPTV stabile e di alta qualit\u00e0. La presente Politica di Garanzia spiega cosa \u00e8 coperto, cosa non \u00e8 coperto e le condizioni in base alle quali \u00e8 possibile ottenere assistenza o la sostituzione del dispositivo.<\/p>\n<hr data-start=\"385\" data-end=\"388\">\n<p data-start=\"390\" data-end=\"419\"><strong data-start=\"390\" data-end=\"419\">Copertura della garanzia di servizio<\/strong><\/p>\n<p data-start=\"421\" data-end=\"439\">Garantiamo che:<\/p>\n<ul data-start=\"440\" data-end=\"639\">\n<li data-start=\"440\" data-end=\"508\">\n<p data-start=\"442\" data-end=\"508\">Il tuo abbonamento IPTV verr\u00e0 attivato correttamente dopo l'acquisto.<\/p>\n<\/li>\n<li data-start=\"509\" data-end=\"583\">\n<p data-start=\"511\" data-end=\"583\">Riceverai credenziali di accesso valide su dispositivi compatibili.<\/p>\n<\/li>\n<li data-start=\"584\" data-end=\"639\">\n<p data-start=\"586\" data-end=\"639\">Il servizio funzioner\u00e0 come descritto sul nostro sito web.<\/p>\n<\/li>\n<\/ul>\n<p data-start=\"641\" data-end=\"762\">Se il servizio non funziona a causa di problemi del nostro sistema o dei nostri server, forniremo assistenza tecnica o un accesso alternativo.<\/p>\n<hr data-start=\"764\" data-end=\"767\">\n<p data-start=\"769\" data-end=\"788\"><strong data-start=\"769\" data-end=\"788\">Periodo di garanzia<\/strong><\/p>\n<p data-start=\"790\" data-end=\"931\">La garanzia \u00e8 valida solo durante il periodo di abbonamento attivo acquistato.<br data-start=\"865\" data-end=\"868\">Una volta scaduto l'abbonamento, la garanzia decade automaticamente.<\/p>\n<hr data-start=\"933\" data-end=\"936\">\n<p data-start=\"938\" data-end=\"961\"><strong data-start=\"938\" data-end=\"961\">Cosa non \u00e8 coperto<\/strong><\/p>\n<p data-start=\"963\" data-end=\"1009\">La presente garanzia non copre i problemi causati da:<\/p>\n<ul data-start=\"1010\" data-end=\"1307\">\n<li data-start=\"1010\" data-end=\"1050\">\n<p data-start=\"1012\" data-end=\"1050\">Connessione Internet debole o instabile<\/p>\n<\/li>\n<li data-start=\"1051\" data-end=\"1081\">\n<p data-start=\"1053\" data-end=\"1081\">Blocco o limitazione da parte dell'ISP<\/p>\n<\/li>\n<li data-start=\"1082\" data-end=\"1129\">\n<p data-start=\"1084\" data-end=\"1129\">Incompatibilit\u00e0 del dispositivo o software obsoleto<\/p>\n<\/li>\n<li data-start=\"1130\" data-end=\"1177\">\n<p data-start=\"1132\" data-end=\"1177\">Installazione dell'app o impostazioni utente errate<\/p>\n<\/li>\n<li data-start=\"1178\" data-end=\"1219\">\n<p data-start=\"1180\" data-end=\"1219\">Uso improprio o configurazione errata della VPN<\/p>\n<\/li>\n<li data-start=\"1220\" data-end=\"1261\">\n<p data-start=\"1222\" data-end=\"1261\">Condivisione dell'account oltre i limiti consentiti<\/p>\n<\/li>\n<li data-start=\"1262\" data-end=\"1307\">\n<p data-start=\"1264\" data-end=\"1307\">Congelamento temporaneo del canale o manutenzione<\/p>\n<\/li>\n<\/ul>\n<hr data-start=\"1309\" data-end=\"1312\">\n<p data-start=\"1314\" data-end=\"1348\"><strong data-start=\"1314\" data-end=\"1348\">Avviso legale relativo al canale e ai contenuti<\/strong><\/p>\n<p data-start=\"1350\" data-end=\"1508\">Gli elenchi dei canali e la disponibilit\u00e0 dei contenuti possono subire variazioni in qualsiasi momento.<br data-start=\"1412\" data-end=\"1415\">Non garantiamo un tempo di attivit\u00e0 del 100% per tutti i canali. Periodi di buffering o interruzioni occasionali sono normali.<\/p>\n<hr data-start=\"1510\" data-end=\"1513\">\n<p data-start=\"1515\" data-end=\"1537\"><strong data-start=\"1515\" data-end=\"1537\">Politica di sostituzione<\/strong><\/p>\n<p data-start=\"1539\" data-end=\"1708\">Qualora venga confermato che un problema \u00e8 causato dal nostro servizio e non pu\u00f2 essere risolto, a nostra discrezione, potremmo fornire un accesso sostitutivo per il restante periodo di abbonamento.<\/p>\n<hr data-start=\"1710\" data-end=\"1713\">\n<p data-start=\"1715\" data-end=\"1739\"><strong data-start=\"1715\" data-end=\"1739\">Nessuna garanzia monetaria<\/strong><\/p>\n<p data-start=\"1741\" data-end=\"1882\">I servizi IPTV sono prodotti digitali forniti istantaneamente.<br data-start=\"1796\" data-end=\"1799\">Non sono previsti rimborsi per utilizzo parziale, insoddisfazione o dispositivi incompatibili.<\/p>\n<hr data-start=\"1884\" data-end=\"1887\">\n<p data-start=\"1889\" data-end=\"1914\"><strong data-start=\"1889\" data-end=\"1914\">Responsabilit\u00e0 dell'utente<\/strong><\/p>\n<p data-start=\"1916\" data-end=\"1927\">Gli utenti devono:<\/p>\n<ul data-start=\"1928\" data-end=\"2100\">\n<li data-start=\"1928\" data-end=\"1973\">\n<p data-start=\"1930\" data-end=\"1973\">Utilizzare dispositivi compatibili e app supportate.<\/p>\n<\/li>\n<li data-start=\"1974\" data-end=\"2003\">\n<p data-start=\"1976\" data-end=\"2003\">Segui le istruzioni di configurazione<\/p>\n<\/li>\n<li data-start=\"2004\" data-end=\"2053\">\n<p data-start=\"2006\" data-end=\"2053\">Evitate di condividere l'account oltre i limiti consentiti.<\/p>\n<\/li>\n<li data-start=\"2054\" data-end=\"2100\">\n<p data-start=\"2056\" data-end=\"2100\">Contattate tempestivamente l'assistenza in caso di problemi.<\/p>\n<\/li>\n<\/ul>\n<hr data-start=\"2102\" data-end=\"2105\">\n<p data-start=\"2107\" data-end=\"2130\"><strong data-start=\"2107\" data-end=\"2130\">Assistenza e contatti<\/strong><\/p>\n<p data-start=\"2132\" data-end=\"2239\">E-mail: <strong data-start=\"2139\" data-end=\"2163\">contact@viewizi<\/strong><strong style=\"font-size: 1rem;\"><span style=\"color: #000000;\">.<\/span><\/strong><strong style=\"font-size: 1rem;\"><span style=\"color: #000000;\">con<\/span><\/strong><\/p>\t\t\t\t\t\t\t\t<\/div>\n\t\t\t\t\t<\/div>\n\t\t\t\t<\/div>\n\t\t\t\t<\/div>","protected":false},"excerpt":{"rendered":"<p>WARRANTY POLICY At VIEWIZI, we are committed to providing a stable and high-quality IPTV service. This Warranty Policy explains what is covered, what is not covered, and the conditions under which support or replacement access may be provided. Service Warranty Coverage We guarantee that: Your IPTV subscription will be activated correctly after purchase. You will receive access credentials that function on compatible devices. The service will operate as described on our website. If the service does not work due to our system or server issues, we will provide technical support or replacement access. Warranty Period The warranty is valid only during the active subscription period purchased.Once the subscription expires, the warranty automatically ends. What Is Not Covered This warranty does not cover issues caused by: Weak or unstable internet connection ISP blocking or throttling Device incompatibility or outdated software Incorrect app installation or user settings VPN misuse or incorrect configuration Account sharing beyond allowed limits Temporary channel freezing or maintenance Channel and Content Disclaimer Channel lists and content availability may change at any time.We do not guarantee 100% uptime for all channels. Occasional buffering or downtime is normal. Replacement Policy If an issue is confirmed to be caused by our service and cannot be resolved, replacement access may be provided for the remaining subscription period, at our discretion. No Monetary Warranty IPTV services are digital products delivered instantly.Refunds are not provided for partial use, dissatisfaction, or incompatible devices. User Responsibilities Users must: Use compatible devices and supported apps Follow setup instructions Avoid account sharing beyond permitted limits Contact support promptly when issues occur Support and Contact Email: contact@viewizi.com<\/p>","protected":false},"author":2,"featured_media":0,"parent":0,"menu_order":0,"comment_status":"closed","ping_status":"closed","template":"","meta":{"footnotes":""},"class_list":["post-840","page","type-page","status-publish","hentry"],"_hostinger_reach_plugin_has_subscription_block":false,"_hostinger_reach_plugin_is_elementor":false,"_links":{"self":[{"href":"https:\/\/viewizi.com\/it\/wp-json\/wp\/v2\/pages\/840","targetHints":{"allow":["GET"]}}],"collection":[{"href":"https:\/\/viewizi.com\/it\/wp-json\/wp\/v2\/pages"}],"about":[{"href":"https:\/\/viewizi.com\/it\/wp-json\/wp\/v2\/types\/page"}],"author":[{"embeddable":true,"href":"https:\/\/viewizi.com\/it\/wp-json\/wp\/v2\/users\/2"}],"replies":[{"embeddable":true,"href":"https:\/\/viewizi.com\/it\/wp-json\/wp\/v2\/comments?post=840"}],"version-history":[{"count":22,"href":"https:\/\/viewizi.com\/it\/wp-json\/wp\/v2\/pages\/840\/revisions"}],"predecessor-version":[{"id":2899,"href":"https:\/\/viewizi.com\/it\/wp-json\/wp\/v2\/pages\/840\/revisions\/2899"}],"wp:attachment":[{"href":"https:\/\/viewizi.com\/it\/wp-json\/wp\/v2\/media?parent=840"}],"curies":[{"name":"wp","href":"https:\/\/api.w.org\/{rel}","templated":true}]}}