{"id":2743,"date":"2026-03-16T08:22:13","date_gmt":"2026-03-16T08:22:13","guid":{"rendered":"https:\/\/viewizi.com\/?post_type=product&#038;p=2743"},"modified":"2026-03-19T09:10:53","modified_gmt":"2026-03-19T09:10:53","slug":"free-trial","status":"publish","type":"product","link":"https:\/\/viewizi.com\/fr\/produit\/free-trial\/","title":{"rendered":"Essai gratuit"},"content":{"rendered":"<p>Vivez une exp\u00e9rience de divertissement ultime avec notre service IPTV premium. Acc\u00e8s\u00a0<strong>plus de 39 000 cha\u00eenes<\/strong>\u00a0including sports, movies, kids programs, and series \u2014 <strong>all in\u00a0high-quality, buffer-free streaming<\/strong>Compatible avec les t\u00e9l\u00e9viseurs connect\u00e9s, les smartphones et les ordinateurs, notre service vous offre une exp\u00e9rience visuelle fluide \u00e0 domicile. Choisissez l'abonnement qui vous convient et profitez d'un divertissement illimit\u00e9 gr\u00e2ce \u00e0 une solution IPTV moderne et fiable.<\/p>","protected":false},"excerpt":{"rendered":"<div data-elementor-type=\"container\" data-elementor-id=\"2569\" class=\"elementor elementor-2569\" data-elementor-post-type=\"elementor_library\">\n<div class=\"has_eae_slider elementor-element elementor-element-361203d e-con-full e-flex wpr-particle-no wpr-jarallax-no wpr-parallax-no wpr-sticky-section-no wpr-equal-height-no e-con e-parent\" data-eae-slider=\"16059\" data-id=\"361203d\" data-element_type=\"container\" data-e-type=\"container\">\n<div class=\"elementor-element elementor-element-720784d elementor-align-start elementor-icon-list--layout-traditional elementor-list-item-link-full_width elementor-widget elementor-widget-icon-list\" data-id=\"720784d\" data-element_type=\"widget\" data-e-type=\"widget\" data-widget_type=\"icon-list.default\">\n<ul class=\"elementor-icon-list-items\">\n<li class=\"elementor-icon-list-item\">\n\t\t\t\t\t\t\t\t\t\t<span class=\"elementor-icon-list-text\">\ud83d\udce1 Plus de mise en m\u00e9moire tampon<\/span>\n\t\t\t\t\t\t\t\t\t<\/li>\n<li class=\"elementor-icon-list-item\">\n\t\t\t\t\t\t\t\t\t\t<span class=\"elementor-icon-list-text\">\ud83d\udda5\ufe0f Qualit\u00e9 Ultra HD et 4K<\/span>\n\t\t\t\t\t\t\t\t\t<\/li>\n<li class=\"elementor-icon-list-item\">\n\t\t\t\t\t\t\t\t\t\t<span class=\"elementor-icon-list-text\">\ud83c\udfac Toutes les cha\u00eenes premium<\/span>\n\t\t\t\t\t\t\t\t\t<\/li>\n<li class=\"elementor-icon-list-item\">\n\t\t\t\t\t\t\t\t\t\t<span class=\"elementor-icon-list-text\">\ud83d\udd12 S\u00fbr, s\u00e9curis\u00e9 et fiable<\/span>\n\t\t\t\t\t\t\t\t\t<\/li>\n<\/ul><\/div>\n<\/p><\/div>\n<\/p><\/div>","protected":false},"featured_media":2744,"comment_status":"open","ping_status":"closed","template":"","meta":[],"product_brand":[],"product_cat":[23],"product_tag":[],"class_list":{"0":"post-2743","1":"product","2":"type-product","3":"status-publish","4":"has-post-thumbnail","6":"product_cat-iptv-subsciption","8":"first","9":"instock","10":"virtual","11":"purchasable","12":"product-type-simple"},"wcpa_form_fields":null,"_links":{"self":[{"href":"https:\/\/viewizi.com\/fr\/wp-json\/wp\/v2\/product\/2743","targetHints":{"allow":["GET"]}}],"collection":[{"href":"https:\/\/viewizi.com\/fr\/wp-json\/wp\/v2\/product"}],"about":[{"href":"https:\/\/viewizi.com\/fr\/wp-json\/wp\/v2\/types\/product"}],"replies":[{"embeddable":true,"href":"https:\/\/viewizi.com\/fr\/wp-json\/wp\/v2\/comments?post=2743"}],"wp:featuredmedia":[{"embeddable":true,"href":"https:\/\/viewizi.com\/fr\/wp-json\/wp\/v2\/media\/2744"}],"wp:attachment":[{"href":"https:\/\/viewizi.com\/fr\/wp-json\/wp\/v2\/media?parent=2743"}],"wp:term":[{"taxonomy":"product_brand","embeddable":true,"href":"https:\/\/viewizi.com\/fr\/wp-json\/wp\/v2\/product_brand?post=2743"},{"taxonomy":"product_cat","embeddable":true,"href":"https:\/\/viewizi.com\/fr\/wp-json\/wp\/v2\/product_cat?post=2743"},{"taxonomy":"product_tag","embeddable":true,"href":"https:\/\/viewizi.com\/fr\/wp-json\/wp\/v2\/product_tag?post=2743"}],"curies":[{"name":"wp","href":"https:\/\/api.w.org\/{rel}","templated":true}]}}