{"id":1060,"date":"2026-01-29T16:07:55","date_gmt":"2026-01-29T16:07:55","guid":{"rendered":"https:\/\/viewizi.com\/?post_type=product&#038;p=1060"},"modified":"2026-03-16T06:01:39","modified_gmt":"2026-03-16T06:01:39","slug":"3-months-iptv-subscription","status":"publish","type":"product","link":"https:\/\/viewizi.com\/fr\/produit\/3-months-iptv-subscription\/","title":{"rendered":"Abonnement IPTV de 3 mois"},"content":{"rendered":"<div class=\"has_eae_slider elementor-element elementor-element-3362597 e-flex e-con-boxed wpr-particle-no wpr-jarallax-no wpr-parallax-no wpr-sticky-section-no e-con e-parent e-lazyloaded\" data-eae-slider=\"84983\" data-id=\"3362597\" data-element_type=\"container\" data-e-type=\"container\">\n<div class=\"e-con-inner\">\n<div class=\"elementor-element elementor-element-0808d98 elementor-widget elementor-widget-wpr-product-description\" data-id=\"0808d98\" data-element_type=\"widget\" data-e-type=\"widget\" data-widget_type=\"wpr-product-description.default\">\n<div class=\"wpr-product-description\">\n<p data-start=\"221\" data-end=\"640\">Vivez une exp\u00e9rience de divertissement ultime avec notre service IPTV premium. Acc\u00e8s\u00a0<strong data-start=\"297\" data-end=\"321\">plus de 39 000 cha\u00eenes<\/strong>\u00a0y compris le sport, les films, les programmes pour enfants et les s\u00e9ries \u2014 tout en\u00a0<strong data-start=\"383\" data-end=\"422\">streaming de haute qualit\u00e9 et sans mise en m\u00e9moire tampon<\/strong>Compatible avec les t\u00e9l\u00e9viseurs connect\u00e9s, les smartphones et les ordinateurs, notre service vous offre une exp\u00e9rience visuelle fluide \u00e0 domicile. Choisissez l'abonnement qui vous convient et profitez d'un divertissement illimit\u00e9 gr\u00e2ce \u00e0 une solution IPTV moderne et fiable.<\/p>\n<\/div>\n<\/div>\n<\/div>\n<\/div>","protected":false},"excerpt":{"rendered":"<div data-elementor-type=\"container\" data-elementor-id=\"2569\" class=\"elementor elementor-2569\" data-elementor-post-type=\"elementor_library\">\n<div class=\"has_eae_slider elementor-element elementor-element-361203d e-con-full e-flex wpr-particle-no wpr-jarallax-no wpr-parallax-no wpr-sticky-section-no wpr-equal-height-no e-con e-parent\" data-eae-slider=\"16059\" data-id=\"361203d\" data-element_type=\"container\" data-e-type=\"container\">\n<div class=\"elementor-element elementor-element-720784d elementor-align-start elementor-icon-list--layout-traditional elementor-list-item-link-full_width elementor-widget elementor-widget-icon-list\" data-id=\"720784d\" data-element_type=\"widget\" data-e-type=\"widget\" data-widget_type=\"icon-list.default\">\n<ul class=\"elementor-icon-list-items\">\n<li class=\"elementor-icon-list-item\">\n\t\t\t\t\t\t\t\t\t\t<span class=\"elementor-icon-list-text\">\ud83d\udce1 Plus de mise en m\u00e9moire tampon<\/span>\n\t\t\t\t\t\t\t\t\t<\/li>\n<li class=\"elementor-icon-list-item\">\n\t\t\t\t\t\t\t\t\t\t<span class=\"elementor-icon-list-text\">\ud83d\udda5\ufe0f Qualit\u00e9 Ultra HD et 4K<\/span>\n\t\t\t\t\t\t\t\t\t<\/li>\n<li class=\"elementor-icon-list-item\">\n\t\t\t\t\t\t\t\t\t\t<span class=\"elementor-icon-list-text\">\ud83c\udfac Toutes les cha\u00eenes premium<\/span>\n\t\t\t\t\t\t\t\t\t<\/li>\n<li class=\"elementor-icon-list-item\">\n\t\t\t\t\t\t\t\t\t\t<span class=\"elementor-icon-list-text\">\ud83d\udd12 S\u00fbr, s\u00e9curis\u00e9 et fiable<\/span>\n\t\t\t\t\t\t\t\t\t<\/li>\n<\/ul><\/div>\n<\/p><\/div>\n<\/p><\/div>","protected":false},"featured_media":2110,"comment_status":"open","ping_status":"closed","template":"","meta":[],"product_brand":[],"product_cat":[23],"product_tag":[],"class_list":{"0":"post-1060","1":"product","2":"type-product","3":"status-publish","4":"has-post-thumbnail","6":"product_cat-iptv-subsciption","7":"wcpa_has_options","9":"first","10":"instock","11":"shipping-taxable","12":"purchasable","13":"product-type-simple"},"wcpa_form_fields":{"wcpaData":{"product":{"product_price":0,"price_html":"<span class=\"woocommerce-Price-amount amount\"><bdi><span class=\"woocommerce-Price-currencySymbol\">&#36;<\/span>0.00<\/bdi><\/span>","original_product_price":0,"price_including_tax":0,"price_excluding_tax":0,"product_id":{"parent":1060,"variation":false},"is_variable":false,"stock_status":"instock","stock_quantity":null,"parent_sku":"","product_attributes":[],"custom_fields":[],"is_taxable":false},"fields":{"sec_2697b861a52436":{"extra":{"key":"sec_2697b861a52436","section_id":"sec_2697b861a52436","name":"Default","status":1,"cl_rule":"show","enableCl":false,"relations":[],"toggle":true,"title_tag":"h3","show_title":false,"showPrice":"default","form_id":1062,"form_rules":{"exclude_from_discount":false,"fee_label":"Fee","disp_hide_options_price":false,"disp_show_section_price":false,"disp_show_field_price":false,"layout_option":"standard","pric_use_as_fee":false,"process_fee_as":"woo_fee"},"layout_option":"standard"},"fields":[[{"active":true,"col":6,"relations":false,"cl_rule":"show","enableCl":false,"price":"","enablePrice":true,"className":"","label_position":"default","desc_position":"default","type":"select","required":true,"elementId":"select_10697b861a5245b","label":"CONNECTIONS","name":"select_10697b861a5245b","values":[{"label":"1 CONNECTION","value":"Option - 1","selected":false,"tempId":"aco_238","price":"29.99","gt_translate_keys":["label"]},{"label":"2 CONNECTIONS","value":"Option - 2","selected":false,"tempId":"aco_239","price":"35.99","gt_translate_keys":["label"]},{"label":"3 CONNECTIONS","value":"Option - 3","selected":false,"tempId":"aco_240","price":"45.99","gt_translate_keys":["label"]},{"label":"4 CONNECTIONS","value":"Option - 4","selected":false,"tempId":"aco_118","price":"65.99","gt_translate_keys":["label"]}],"dropdown_type":"basic","error":false,"priceOptions":"different_for_all","pricingType":"fixed","placeholder":"Select Connections","gt_translate_keys":["label","placeholder"],"price_dependency":false,"cl_dependency":false,"value":""}]]}},"config":{"price_override":"","enable_recaptcha":false,"bind_quantity":false,"quantity_bind_formula":"","disp_summ_show_option_price":false,"disp_summ_show_product_price":false,"disp_summ_show_total_price":true,"disp_summ_show_fee":false,"disp_summ_show_discount":false,"summary_title":"","options_total_label":"Options Price","total_label":"Total","options_product_label":"Product Price","fee_label":"Fee","discount_label":"Discount","has_price":true,"has_quantity_formula":false},"mc_unit":1,"tax_rate":1,"tax_rate_real":1,"discount":{"percentage":0,"fixed":0},"design":{"conf":{"LabelPosition":"above","DescPosition":"above","UploadField":"custom_1","QuantityFieldStyle":"default"},"css":{"LeftLabelWidth":"120px"}},"formulas":[],"clones":false,"cartKey":false}},"_links":{"self":[{"href":"https:\/\/viewizi.com\/fr\/wp-json\/wp\/v2\/product\/1060","targetHints":{"allow":["GET"]}}],"collection":[{"href":"https:\/\/viewizi.com\/fr\/wp-json\/wp\/v2\/product"}],"about":[{"href":"https:\/\/viewizi.com\/fr\/wp-json\/wp\/v2\/types\/product"}],"replies":[{"embeddable":true,"href":"https:\/\/viewizi.com\/fr\/wp-json\/wp\/v2\/comments?post=1060"}],"wp:featuredmedia":[{"embeddable":true,"href":"https:\/\/viewizi.com\/fr\/wp-json\/wp\/v2\/media\/2110"}],"wp:attachment":[{"href":"https:\/\/viewizi.com\/fr\/wp-json\/wp\/v2\/media?parent=1060"}],"wp:term":[{"taxonomy":"product_brand","embeddable":true,"href":"https:\/\/viewizi.com\/fr\/wp-json\/wp\/v2\/product_brand?post=1060"},{"taxonomy":"product_cat","embeddable":true,"href":"https:\/\/viewizi.com\/fr\/wp-json\/wp\/v2\/product_cat?post=1060"},{"taxonomy":"product_tag","embeddable":true,"href":"https:\/\/viewizi.com\/fr\/wp-json\/wp\/v2\/product_tag?post=1060"}],"curies":[{"name":"wp","href":"https:\/\/api.w.org\/{rel}","templated":true}]}}