{"id":842,"date":"2026-01-23T17:20:27","date_gmt":"2026-01-23T17:20:27","guid":{"rendered":"https:\/\/viewizi.com\/?page_id=842"},"modified":"2026-04-18T17:10:15","modified_gmt":"2026-04-18T17:10:15","slug":"digital-delivery","status":"publish","type":"page","link":"https:\/\/viewizi.com\/fr\/digital-delivery\/","title":{"rendered":"livraison num\u00e9rique"},"content":{"rendered":"<div data-elementor-type=\"wp-page\" data-elementor-id=\"842\" class=\"elementor elementor-842\" data-elementor-post-type=\"page\">\n\t\t\t\t<div class=\"has_eae_slider elementor-element elementor-element-65d4d93 e-flex e-con-boxed wpr-particle-no wpr-jarallax-no wpr-parallax-no wpr-sticky-section-no wpr-equal-height-no e-con e-parent\" data-eae-slider=\"50523\" data-id=\"65d4d93\" data-element_type=\"container\" data-e-type=\"container\" data-settings=\"{&quot;background_background&quot;:&quot;classic&quot;}\">\n\t\t\t\t\t<div class=\"e-con-inner\">\n\t\t<div class=\"has_eae_slider elementor-element elementor-element-2ee0327 e-con-full e-flex wpr-particle-no wpr-jarallax-no wpr-parallax-no wpr-sticky-section-no wpr-equal-height-no e-con e-child\" data-eae-slider=\"30508\" data-id=\"2ee0327\" data-element_type=\"container\" data-e-type=\"container\">\n\t\t\t\t<div class=\"elementor-element elementor-element-a7903bd eael-dual-header-content-align-center elementor-widget elementor-widget-eael-dual-color-header\" data-id=\"a7903bd\" data-element_type=\"widget\" data-e-type=\"widget\" data-widget_type=\"eael-dual-color-header.default\">\n\t\t\t\t\t\t\t\t<div class=\"eael-dual-header\">\n\t\t\t\t<h2 class=\"title eael-dch-title\"><span class=\"eael-dch-title-text eael-dch-title-lead lead solid-color\">NUM\u00c9RIQUE <\/span> <span class=\"eael-dch-title-text\">LIVRAISON<\/span><\/h2>\t\t\t<\/div>\n\n\t\t\t\t\t\t<\/div>\n\t\t\t\t<\/div>\n\t\t\t\t\t<\/div>\n\t\t\t\t<\/div>\n\t\t<div class=\"has_eae_slider elementor-element elementor-element-fbc761c e-flex e-con-boxed wpr-particle-no wpr-jarallax-no wpr-parallax-no wpr-sticky-section-no wpr-equal-height-no e-con e-parent\" data-eae-slider=\"59906\" data-id=\"fbc761c\" data-element_type=\"container\" data-e-type=\"container\">\n\t\t\t\t\t<div class=\"e-con-inner\">\n\t\t\t\t<div class=\"elementor-element elementor-element-923e5b3 elementor-widget__width-initial elementor-widget elementor-widget-text-editor\" data-id=\"923e5b3\" data-element_type=\"widget\" data-e-type=\"widget\" data-widget_type=\"text-editor.default\">\n\t\t\t\t\t\t\t\t\t<p data-start=\"199\" data-end=\"361\">\u00c0 <strong>VIEWIZI<\/strong>Tous les services sont fournis par voie num\u00e9rique. Cette politique explique comment et quand vous recevrez votre acc\u00e8s IPTV apr\u00e8s avoir effectu\u00e9 un achat.<\/p>\n<hr data-start=\"363\" data-end=\"366\">\n<p data-start=\"368\" data-end=\"387\"><strong data-start=\"368\" data-end=\"387\">M\u00e9thode de livraison<\/strong><\/p>\n<p data-start=\"389\" data-end=\"472\">Tous les services IPTV sont fournis par voie \u00e9lectronique.<br data-start=\"436\" data-end=\"439\">Aucun produit physique n'est exp\u00e9di\u00e9.<\/p>\n<p data-start=\"474\" data-end=\"492\">La livraison comprend :<\/p>\n<ul data-start=\"493\" data-end=\"578\">\n<li data-start=\"493\" data-end=\"539\">\n<p data-start=\"495\" data-end=\"539\">Identifiants de connexion ou d\u00e9tails d'activation IPTV<\/p>\n<\/li>\n<li data-start=\"540\" data-end=\"578\">\n<p data-start=\"542\" data-end=\"578\">Instructions d'installation (le cas \u00e9ch\u00e9ant)<\/p>\n<\/li>\n<\/ul>\n<hr data-start=\"580\" data-end=\"583\">\n<p data-start=\"585\" data-end=\"602\"><strong data-start=\"585\" data-end=\"602\">D\u00e9lai de livraison<\/strong><\/p>\n<p data-start=\"604\" data-end=\"630\">La plupart des commandes sont livr\u00e9es :<\/p>\n<ul data-start=\"631\" data-end=\"702\">\n<li data-start=\"631\" data-end=\"648\">\n<p data-start=\"633\" data-end=\"648\">Instantan\u00e9ment, ou<\/p>\n<\/li>\n<li data-start=\"649\" data-end=\"702\">\n<p data-start=\"651\" data-end=\"702\">Dans <strong data-start=\"658\" data-end=\"675\">5 \u00e0 24 heures<\/strong> apr\u00e8s confirmation du paiement<\/p>\n<\/li>\n<\/ul>\n<p data-start=\"704\" data-end=\"780\">Dans de rares cas, la livraison peut prendre plus de temps en raison de v\u00e9rifications du syst\u00e8me ou d'une forte demande.<\/p>\n<hr data-start=\"782\" data-end=\"785\">\n<p data-start=\"787\" data-end=\"808\"><strong data-start=\"787\" data-end=\"808\">Canaux de distribution<\/strong><\/p>\n<p data-start=\"810\" data-end=\"844\">La livraison num\u00e9rique s'effectue via\u00a0:<\/p>\n<ul data-start=\"845\" data-end=\"921\">\n<li data-start=\"845\" data-end=\"854\">\n<p data-start=\"847\" data-end=\"854\">E-mail<\/p>\n<\/li>\n<li data-start=\"855\" data-end=\"921\">\n<p data-start=\"857\" data-end=\"921\">WhatsApp, Telegram ou autre moyen de contact propos\u00e9 lors du paiement<\/p>\n<\/li>\n<\/ul>\n<p data-start=\"923\" data-end=\"991\">Il incombe aux clients de fournir des informations de contact exactes.<\/p>\n<hr data-start=\"993\" data-end=\"996\">\n<p data-start=\"998\" data-end=\"1025\"><strong data-start=\"998\" data-end=\"1025\">Responsabilit\u00e9 du client<\/strong><\/p>\n<p data-start=\"1027\" data-end=\"1066\">Il incombe au client de\u00a0:<\/p>\n<ul data-start=\"1067\" data-end=\"1183\">\n<li data-start=\"1067\" data-end=\"1112\">\n<p data-start=\"1069\" data-end=\"1112\">Veuillez saisir une adresse e-mail ou un num\u00e9ro de t\u00e9l\u00e9phone valide.<\/p>\n<\/li>\n<li data-start=\"1113\" data-end=\"1141\">\n<p data-start=\"1115\" data-end=\"1141\">V\u00e9rifiez vos dossiers de courriers ind\u00e9sirables ou de spams.<\/p>\n<\/li>\n<li data-start=\"1142\" data-end=\"1183\">\n<p data-start=\"1144\" data-end=\"1183\">Veuillez vous assurer que nos messages ne sont pas bloqu\u00e9s.<\/p>\n<\/li>\n<\/ul>\n<p data-start=\"1185\" data-end=\"1239\">Le fait de ne pas fournir les informations correctes peut retarder la livraison.<\/p>\n<hr data-start=\"1241\" data-end=\"1244\">\n<p data-start=\"1246\" data-end=\"1276\"><strong data-start=\"1246\" data-end=\"1276\">Livraison \u00e9chou\u00e9e ou retard\u00e9e<\/strong><\/p>\n<p data-start=\"1278\" data-end=\"1344\">Si vous ne recevez pas votre acc\u00e8s dans le d\u00e9lai de livraison indiqu\u00e9\u00a0:<\/p>\n<ul data-start=\"1345\" data-end=\"1424\">\n<li data-start=\"1345\" data-end=\"1371\">\n<p data-start=\"1347\" data-end=\"1371\">Contactez notre \u00e9quipe d'assistance<\/p>\n<\/li>\n<li data-start=\"1372\" data-end=\"1424\">\n<p data-start=\"1374\" data-end=\"1424\">Veuillez fournir votre num\u00e9ro de commande et la confirmation de paiement.<\/p>\n<\/li>\n<\/ul>\n<p data-start=\"1426\" data-end=\"1475\">Nous r\u00e9glerons ce probl\u00e8me au plus vite.<\/p>\n<hr data-start=\"1477\" data-end=\"1480\">\n<p data-start=\"1482\" data-end=\"1506\"><strong data-start=\"1482\" data-end=\"1506\">Aucun envoi physique<\/strong><\/p>\n<p data-start=\"1508\" data-end=\"1542\">Parce qu'il s'agit d'un service num\u00e9rique\u00a0:<\/p>\n<ul data-start=\"1543\" data-end=\"1614\">\n<li data-start=\"1543\" data-end=\"1576\">\n<p data-start=\"1545\" data-end=\"1576\">Aucune adresse de livraison n'est requise.<\/p>\n<\/li>\n<li data-start=\"1577\" data-end=\"1614\">\n<p data-start=\"1579\" data-end=\"1614\">Aucun num\u00e9ro de suivi ne sera fourni.<\/p>\n<\/li>\n<\/ul>\n<hr data-start=\"1616\" data-end=\"1619\">\n<p data-start=\"1621\" data-end=\"1650\"><strong data-start=\"1621\" data-end=\"1650\">Aucun remboursement apr\u00e8s la livraison<\/strong><\/p>\n<p data-start=\"1652\" data-end=\"1705\">Une fois l'acc\u00e8s num\u00e9rique fourni et activ\u00e9\u00a0:<\/p>\n<ul data-start=\"1706\" data-end=\"1771\">\n<li data-start=\"1706\" data-end=\"1743\">\n<p data-start=\"1708\" data-end=\"1743\">Le service est consid\u00e9r\u00e9 comme effectu\u00e9.<\/p>\n<\/li>\n<li data-start=\"1744\" data-end=\"1771\">\n<p data-start=\"1746\" data-end=\"1771\">Aucun remboursement n'est possible.<\/p>\n<\/li>\n<\/ul>\n<hr data-start=\"1773\" data-end=\"1776\">\n<p data-start=\"1778\" data-end=\"1801\"><strong data-start=\"1778\" data-end=\"1801\">Assistance et contact<\/strong><\/p>\n<p data-start=\"1803\" data-end=\"1910\">E-mail: <strong data-start=\"1810\" data-end=\"1834\">contact@viewizi<\/strong><strong style=\"font-size: 1rem;\"><span style=\"color: #000000;\">.com<\/span><\/strong><\/p>\t\t\t\t\t\t\t\t<\/div>\n\t\t\t\t\t<\/div>\n\t\t\t\t<\/div>\n\t\t\t\t<\/div>","protected":false},"excerpt":{"rendered":"<p>DIGITAL DELIVERY At VIEWIZI, all services are delivered digitally. This policy explains how and when you receive your IPTV access after completing a purchase. Delivery Method All IPTV services are delivered electronically.No physical products are shipped. Delivery includes: IPTV login credentials or activation details Setup instructions (when applicable) Delivery Time Most orders are delivered: Instantly, or Within 5 to 24 hours after payment confirmation In rare cases, delivery may take longer due to system checks or high demand. Delivery Channels Digital delivery is completed via: Email WhatsApp, Telegram, or other contact method provided at checkout Customers are responsible for providing correct contact information. Customer Responsibility It is the customer\u2019s responsibility to: Enter a valid email address or phone number Check spam or junk folders Ensure messages from us are not blocked Failure to provide correct details may delay delivery. Failed or Delayed Delivery If you do not receive your access within the stated delivery time: Contact our support team Provide your order number and payment confirmation We will resolve the issue as quickly as possible. No Physical Shipment Because this is a digital service: No shipping address is required No tracking number will be provided No Refunds After Delivery Once digital access has been delivered and activated: The service is considered fulfilled Refunds are not available Support and Contact Email: contact@viewizi.com<\/p>","protected":false},"author":2,"featured_media":0,"parent":0,"menu_order":0,"comment_status":"closed","ping_status":"closed","template":"","meta":{"footnotes":""},"class_list":["post-842","page","type-page","status-publish","hentry"],"_hostinger_reach_plugin_has_subscription_block":false,"_hostinger_reach_plugin_is_elementor":false,"_links":{"self":[{"href":"https:\/\/viewizi.com\/fr\/wp-json\/wp\/v2\/pages\/842","targetHints":{"allow":["GET"]}}],"collection":[{"href":"https:\/\/viewizi.com\/fr\/wp-json\/wp\/v2\/pages"}],"about":[{"href":"https:\/\/viewizi.com\/fr\/wp-json\/wp\/v2\/types\/page"}],"author":[{"embeddable":true,"href":"https:\/\/viewizi.com\/fr\/wp-json\/wp\/v2\/users\/2"}],"replies":[{"embeddable":true,"href":"https:\/\/viewizi.com\/fr\/wp-json\/wp\/v2\/comments?post=842"}],"version-history":[{"count":19,"href":"https:\/\/viewizi.com\/fr\/wp-json\/wp\/v2\/pages\/842\/revisions"}],"predecessor-version":[{"id":2902,"href":"https:\/\/viewizi.com\/fr\/wp-json\/wp\/v2\/pages\/842\/revisions\/2902"}],"wp:attachment":[{"href":"https:\/\/viewizi.com\/fr\/wp-json\/wp\/v2\/media?parent=842"}],"curies":[{"name":"wp","href":"https:\/\/api.w.org\/{rel}","templated":true}]}}