{"id":840,"date":"2026-01-23T17:20:08","date_gmt":"2026-01-23T17:20:08","guid":{"rendered":"https:\/\/viewizi.com\/?page_id=840"},"modified":"2026-04-18T17:07:42","modified_gmt":"2026-04-18T17:07:42","slug":"warranty-policy","status":"publish","type":"page","link":"https:\/\/viewizi.com\/fr\/warranty-policy\/","title":{"rendered":"politique de garantie"},"content":{"rendered":"<div data-elementor-type=\"wp-page\" data-elementor-id=\"840\" class=\"elementor elementor-840\" data-elementor-post-type=\"page\">\n\t\t\t\t<div class=\"has_eae_slider elementor-element elementor-element-640127e e-flex e-con-boxed wpr-particle-no wpr-jarallax-no wpr-parallax-no wpr-sticky-section-no wpr-equal-height-no e-con e-parent\" data-eae-slider=\"41535\" data-id=\"640127e\" data-element_type=\"container\" data-e-type=\"container\" data-settings=\"{&quot;background_background&quot;:&quot;classic&quot;}\">\n\t\t\t\t\t<div class=\"e-con-inner\">\n\t\t<div class=\"has_eae_slider elementor-element elementor-element-d4118d8 e-con-full e-flex wpr-particle-no wpr-jarallax-no wpr-parallax-no wpr-sticky-section-no wpr-equal-height-no e-con e-child\" data-eae-slider=\"76628\" data-id=\"d4118d8\" data-element_type=\"container\" data-e-type=\"container\">\n\t\t\t\t<div class=\"elementor-element elementor-element-f8893e9 eael-dual-header-content-align-center elementor-widget elementor-widget-eael-dual-color-header\" data-id=\"f8893e9\" data-element_type=\"widget\" data-e-type=\"widget\" data-widget_type=\"eael-dual-color-header.default\">\n\t\t\t\t\t\t\t\t<div class=\"eael-dual-header\">\n\t\t\t\t<h2 class=\"title eael-dch-title\"><span class=\"eael-dch-title-text eael-dch-title-lead lead solid-color\">GARANTIE<\/span> <span class=\"eael-dch-title-text\">POLITIQUE<\/span><\/h2>\t\t\t<\/div>\n\n\t\t\t\t\t\t<\/div>\n\t\t\t\t<\/div>\n\t\t\t\t\t<\/div>\n\t\t\t\t<\/div>\n\t\t<div class=\"has_eae_slider elementor-element elementor-element-8271c60 e-flex e-con-boxed wpr-particle-no wpr-jarallax-no wpr-parallax-no wpr-sticky-section-no wpr-equal-height-no e-con e-parent\" data-eae-slider=\"59426\" data-id=\"8271c60\" data-element_type=\"container\" data-e-type=\"container\">\n\t\t\t\t\t<div class=\"e-con-inner\">\n\t\t\t\t<div class=\"elementor-element elementor-element-e54d769 elementor-widget__width-initial elementor-widget elementor-widget-text-editor\" data-id=\"e54d769\" data-element_type=\"widget\" data-e-type=\"widget\" data-widget_type=\"text-editor.default\">\n\t\t\t\t\t\t\t\t\t<p data-start=\"135\" data-end=\"383\">\u00c0 <strong>VIEWIZI<\/strong>Nous nous engageons \u00e0 fournir un service IPTV stable et de haute qualit\u00e9. La pr\u00e9sente politique de garantie explique ce qui est couvert, ce qui ne l'est pas et les conditions d'acc\u00e8s \u00e0 l'assistance ou au remplacement.<\/p>\n<hr data-start=\"385\" data-end=\"388\">\n<p data-start=\"390\" data-end=\"419\"><strong data-start=\"390\" data-end=\"419\">Couverture de la garantie de service<\/strong><\/p>\n<p data-start=\"421\" data-end=\"439\">Nous garantissons que :<\/p>\n<ul data-start=\"440\" data-end=\"639\">\n<li data-start=\"440\" data-end=\"508\">\n<p data-start=\"442\" data-end=\"508\">Votre abonnement IPTV sera correctement activ\u00e9 apr\u00e8s l'achat.<\/p>\n<\/li>\n<li data-start=\"509\" data-end=\"583\">\n<p data-start=\"511\" data-end=\"583\">Vous recevrez des identifiants d'acc\u00e8s fonctionnant sur des appareils compatibles.<\/p>\n<\/li>\n<li data-start=\"584\" data-end=\"639\">\n<p data-start=\"586\" data-end=\"639\">Le service fonctionnera comme d\u00e9crit sur notre site web.<\/p>\n<\/li>\n<\/ul>\n<p data-start=\"641\" data-end=\"762\">Si le service ne fonctionne pas en raison de probl\u00e8mes li\u00e9s \u00e0 notre syst\u00e8me ou \u00e0 nos serveurs, nous vous fournirons une assistance technique ou un acc\u00e8s de remplacement.<\/p>\n<hr data-start=\"764\" data-end=\"767\">\n<p data-start=\"769\" data-end=\"788\"><strong data-start=\"769\" data-end=\"788\">P\u00e9riode de garantie<\/strong><\/p>\n<p data-start=\"790\" data-end=\"931\">La garantie est valable uniquement pendant la p\u00e9riode d'abonnement active souscrite.<br data-start=\"865\" data-end=\"868\">Une fois l'abonnement expir\u00e9, la garantie prend fin automatiquement.<\/p>\n<hr data-start=\"933\" data-end=\"936\">\n<p data-start=\"938\" data-end=\"961\"><strong data-start=\"938\" data-end=\"961\">Ce qui n'est pas couvert<\/strong><\/p>\n<p data-start=\"963\" data-end=\"1009\">Cette garantie ne couvre pas les probl\u00e8mes caus\u00e9s par\u00a0:<\/p>\n<ul data-start=\"1010\" data-end=\"1307\">\n<li data-start=\"1010\" data-end=\"1050\">\n<p data-start=\"1012\" data-end=\"1050\">Connexion internet faible ou instable<\/p>\n<\/li>\n<li data-start=\"1051\" data-end=\"1081\">\n<p data-start=\"1053\" data-end=\"1081\">blocage ou limitation du FAI<\/p>\n<\/li>\n<li data-start=\"1082\" data-end=\"1129\">\n<p data-start=\"1084\" data-end=\"1129\">Incompatibilit\u00e9 de l'appareil ou logiciel obsol\u00e8te<\/p>\n<\/li>\n<li data-start=\"1130\" data-end=\"1177\">\n<p data-start=\"1132\" data-end=\"1177\">Installation de l'application ou param\u00e8tres utilisateur incorrects<\/p>\n<\/li>\n<li data-start=\"1178\" data-end=\"1219\">\n<p data-start=\"1180\" data-end=\"1219\">mauvaise utilisation ou configuration incorrecte du VPN<\/p>\n<\/li>\n<li data-start=\"1220\" data-end=\"1261\">\n<p data-start=\"1222\" data-end=\"1261\">Partage de compte au-del\u00e0 des limites autoris\u00e9es<\/p>\n<\/li>\n<li data-start=\"1262\" data-end=\"1307\">\n<p data-start=\"1264\" data-end=\"1307\">Gel ou maintenance temporaire du canal<\/p>\n<\/li>\n<\/ul>\n<hr data-start=\"1309\" data-end=\"1312\">\n<p data-start=\"1314\" data-end=\"1348\"><strong data-start=\"1314\" data-end=\"1348\">Avertissement relatif \u00e0 la cha\u00eene et \u00e0 son contenu<\/strong><\/p>\n<p data-start=\"1350\" data-end=\"1508\">La liste des cha\u00eenes et la disponibilit\u00e9 des contenus peuvent changer \u00e0 tout moment.<br data-start=\"1412\" data-end=\"1415\">Nous ne garantissons pas une disponibilit\u00e9 \u00e0 100 % pour toutes les cha\u00eenes. Des interruptions ou des mises en m\u00e9moire tampon occasionnelles sont normales.<\/p>\n<hr data-start=\"1510\" data-end=\"1513\">\n<p data-start=\"1515\" data-end=\"1537\"><strong data-start=\"1515\" data-end=\"1537\">Politique de remplacement<\/strong><\/p>\n<p data-start=\"1539\" data-end=\"1708\">Si un probl\u00e8me est confirm\u00e9 comme \u00e9tant caus\u00e9 par notre service et ne peut \u00eatre r\u00e9solu, un acc\u00e8s de remplacement peut \u00eatre fourni pour la dur\u00e9e restante de l'abonnement, \u00e0 notre discr\u00e9tion.<\/p>\n<hr data-start=\"1710\" data-end=\"1713\">\n<p data-start=\"1715\" data-end=\"1739\"><strong data-start=\"1715\" data-end=\"1739\">Aucune garantie mon\u00e9taire<\/strong><\/p>\n<p data-start=\"1741\" data-end=\"1882\">Les services IPTV sont des produits num\u00e9riques diffus\u00e9s instantan\u00e9ment.<br data-start=\"1796\" data-end=\"1799\">Aucun remboursement ne sera accord\u00e9 en cas d'utilisation partielle, d'insatisfaction ou d'appareils incompatibles.<\/p>\n<hr data-start=\"1884\" data-end=\"1887\">\n<p data-start=\"1889\" data-end=\"1914\"><strong data-start=\"1889\" data-end=\"1914\">Responsabilit\u00e9s de l'utilisateur<\/strong><\/p>\n<p data-start=\"1916\" data-end=\"1927\">Les utilisateurs doivent\u00a0:<\/p>\n<ul data-start=\"1928\" data-end=\"2100\">\n<li data-start=\"1928\" data-end=\"1973\">\n<p data-start=\"1930\" data-end=\"1973\">Utilisez des appareils compatibles et des applications prises en charge<\/p>\n<\/li>\n<li data-start=\"1974\" data-end=\"2003\">\n<p data-start=\"1976\" data-end=\"2003\">Suivez les instructions d'installation<\/p>\n<\/li>\n<li data-start=\"2004\" data-end=\"2053\">\n<p data-start=\"2006\" data-end=\"2053\">\u00c9vitez de partager votre compte au-del\u00e0 des limites autoris\u00e9es.<\/p>\n<\/li>\n<li data-start=\"2054\" data-end=\"2100\">\n<p data-start=\"2056\" data-end=\"2100\">Contactez rapidement le support en cas de probl\u00e8me.<\/p>\n<\/li>\n<\/ul>\n<hr data-start=\"2102\" data-end=\"2105\">\n<p data-start=\"2107\" data-end=\"2130\"><strong data-start=\"2107\" data-end=\"2130\">Assistance et contact<\/strong><\/p>\n<p data-start=\"2132\" data-end=\"2239\">E-mail: <strong data-start=\"2139\" data-end=\"2163\">contact@viewizi<\/strong><strong style=\"font-size: 1rem;\"><span style=\"color: #000000;\">.<\/span><\/strong><strong style=\"font-size: 1rem;\"><span style=\"color: #000000;\">avec<\/span><\/strong><\/p>\t\t\t\t\t\t\t\t<\/div>\n\t\t\t\t\t<\/div>\n\t\t\t\t<\/div>\n\t\t\t\t<\/div>","protected":false},"excerpt":{"rendered":"<p>WARRANTY POLICY At VIEWIZI, we are committed to providing a stable and high-quality IPTV service. This Warranty Policy explains what is covered, what is not covered, and the conditions under which support or replacement access may be provided. Service Warranty Coverage We guarantee that: Your IPTV subscription will be activated correctly after purchase. You will receive access credentials that function on compatible devices. The service will operate as described on our website. If the service does not work due to our system or server issues, we will provide technical support or replacement access. Warranty Period The warranty is valid only during the active subscription period purchased.Once the subscription expires, the warranty automatically ends. What Is Not Covered This warranty does not cover issues caused by: Weak or unstable internet connection ISP blocking or throttling Device incompatibility or outdated software Incorrect app installation or user settings VPN misuse or incorrect configuration Account sharing beyond allowed limits Temporary channel freezing or maintenance Channel and Content Disclaimer Channel lists and content availability may change at any time.We do not guarantee 100% uptime for all channels. Occasional buffering or downtime is normal. Replacement Policy If an issue is confirmed to be caused by our service and cannot be resolved, replacement access may be provided for the remaining subscription period, at our discretion. No Monetary Warranty IPTV services are digital products delivered instantly.Refunds are not provided for partial use, dissatisfaction, or incompatible devices. User Responsibilities Users must: Use compatible devices and supported apps Follow setup instructions Avoid account sharing beyond permitted limits Contact support promptly when issues occur Support and Contact Email: contact@viewizi.com<\/p>","protected":false},"author":2,"featured_media":0,"parent":0,"menu_order":0,"comment_status":"closed","ping_status":"closed","template":"","meta":{"footnotes":""},"class_list":["post-840","page","type-page","status-publish","hentry"],"_hostinger_reach_plugin_has_subscription_block":false,"_hostinger_reach_plugin_is_elementor":false,"_links":{"self":[{"href":"https:\/\/viewizi.com\/fr\/wp-json\/wp\/v2\/pages\/840","targetHints":{"allow":["GET"]}}],"collection":[{"href":"https:\/\/viewizi.com\/fr\/wp-json\/wp\/v2\/pages"}],"about":[{"href":"https:\/\/viewizi.com\/fr\/wp-json\/wp\/v2\/types\/page"}],"author":[{"embeddable":true,"href":"https:\/\/viewizi.com\/fr\/wp-json\/wp\/v2\/users\/2"}],"replies":[{"embeddable":true,"href":"https:\/\/viewizi.com\/fr\/wp-json\/wp\/v2\/comments?post=840"}],"version-history":[{"count":22,"href":"https:\/\/viewizi.com\/fr\/wp-json\/wp\/v2\/pages\/840\/revisions"}],"predecessor-version":[{"id":2899,"href":"https:\/\/viewizi.com\/fr\/wp-json\/wp\/v2\/pages\/840\/revisions\/2899"}],"wp:attachment":[{"href":"https:\/\/viewizi.com\/fr\/wp-json\/wp\/v2\/media?parent=840"}],"curies":[{"name":"wp","href":"https:\/\/api.w.org\/{rel}","templated":true}]}}