{"id":836,"date":"2026-01-23T17:19:41","date_gmt":"2026-01-23T17:19:41","guid":{"rendered":"https:\/\/viewizi.com\/?page_id=836"},"modified":"2026-04-18T17:04:35","modified_gmt":"2026-04-18T17:04:35","slug":"terms-of-service","status":"publish","type":"page","link":"https:\/\/viewizi.com\/fr\/terms-of-service\/","title":{"rendered":"Terms of service"},"content":{"rendered":"<div data-elementor-type=\"wp-page\" data-elementor-id=\"836\" class=\"elementor elementor-836\" data-elementor-post-type=\"page\">\n\t\t\t\t<div class=\"has_eae_slider elementor-element elementor-element-c37592e e-flex e-con-boxed wpr-particle-no wpr-jarallax-no wpr-parallax-no wpr-sticky-section-no wpr-equal-height-no e-con e-parent\" data-eae-slider=\"73300\" data-id=\"c37592e\" data-element_type=\"container\" data-e-type=\"container\" data-settings=\"{&quot;background_background&quot;:&quot;classic&quot;}\">\n\t\t\t\t\t<div class=\"e-con-inner\">\n\t\t<div class=\"has_eae_slider elementor-element elementor-element-572a9eb e-con-full e-flex wpr-particle-no wpr-jarallax-no wpr-parallax-no wpr-sticky-section-no wpr-equal-height-no e-con e-child\" data-eae-slider=\"21109\" data-id=\"572a9eb\" data-element_type=\"container\" data-e-type=\"container\">\n\t\t\t\t<div class=\"elementor-element elementor-element-ba79c85 eael-dual-header-content-align-center elementor-widget elementor-widget-eael-dual-color-header\" data-id=\"ba79c85\" data-element_type=\"widget\" data-e-type=\"widget\" data-widget_type=\"eael-dual-color-header.default\">\n\t\t\t\t\t\t\t\t<div class=\"eael-dual-header\">\n\t\t\t\t<h2 class=\"title eael-dch-title\"><span class=\"eael-dch-title-text eael-dch-title-lead lead solid-color\">TERMES<\/span> <span class=\"eael-dch-title-text\">DE SERVICE<\/span><\/h2>\t\t\t<\/div>\n\n\t\t\t\t\t\t<\/div>\n\t\t\t\t<\/div>\n\t\t\t\t\t<\/div>\n\t\t\t\t<\/div>\n\t\t<div class=\"has_eae_slider elementor-element elementor-element-e72819a e-flex e-con-boxed wpr-particle-no wpr-jarallax-no wpr-parallax-no wpr-sticky-section-no wpr-equal-height-no e-con e-parent\" data-eae-slider=\"45033\" data-id=\"e72819a\" data-element_type=\"container\" data-e-type=\"container\">\n\t\t\t\t\t<div class=\"e-con-inner\">\n\t\t\t\t<div class=\"elementor-element elementor-element-254a3c8 elementor-widget__width-initial elementor-widget elementor-widget-text-editor\" data-id=\"254a3c8\" data-element_type=\"widget\" data-e-type=\"widget\" data-widget_type=\"text-editor.default\">\n\t\t\t\t\t\t\t\t\t<p data-start=\"191\" data-end=\"381\">Bienvenue sur <strong>VIEWIZI<\/strong>En acc\u00e9dant \u00e0 nos services, en les achetant ou en les utilisant, vous acceptez d'\u00eatre li\u00e9 par les pr\u00e9sentes Conditions d'utilisation. Si vous n'acceptez pas ces conditions, veuillez ne pas utiliser nos services.<\/p><hr data-start=\"383\" data-end=\"386\" \/><p data-start=\"388\" data-end=\"411\"><strong data-start=\"388\" data-end=\"411\">Description du service<\/strong><\/p><p data-start=\"413\" data-end=\"577\">Nous proposons des services d'abonnement IPTV qui permettent d'acc\u00e9der aux cha\u00eenes de t\u00e9l\u00e9vision et aux contenus vid\u00e9o \u00e0 la demande via Internet.<br data-start=\"537\" data-end=\"540\" \/>Tous les services sont fournis par voie num\u00e9rique.<\/p><hr data-start=\"579\" data-end=\"582\" \/><p data-start=\"584\" data-end=\"599\"><strong data-start=\"584\" data-end=\"599\">Admissibilit\u00e9<\/strong><\/p><p data-start=\"601\" data-end=\"640\">En utilisant notre service, vous confirmez que\u00a0:<\/p><ul data-start=\"641\" data-end=\"806\"><li data-start=\"641\" data-end=\"674\"><p data-start=\"643\" data-end=\"674\">Vous avez au moins 18 ans<\/p><\/li><li data-start=\"675\" data-end=\"739\"><p data-start=\"677\" data-end=\"739\">Vous \u00eates l\u00e9galement autoris\u00e9 \u00e0 utiliser les services IPTV dans votre pays.<\/p><\/li><li data-start=\"740\" data-end=\"806\"><p data-start=\"742\" data-end=\"806\">Vous utiliserez le service \u00e0 des fins personnelles et non commerciales<\/p><\/li><\/ul><hr data-start=\"808\" data-end=\"811\" \/><p data-start=\"813\" data-end=\"840\"><strong data-start=\"813\" data-end=\"840\">R\u00e8gles relatives au compte et \u00e0 son utilisation<\/strong><\/p><p data-start=\"842\" data-end=\"857\">Les utilisateurs acceptent\u00a0:<\/p><ul data-start=\"858\" data-end=\"1052\"><li data-start=\"858\" data-end=\"905\"><p data-start=\"860\" data-end=\"905\">Utilisez uniquement les appareils et applications compatibles.<\/p><\/li><li data-start=\"906\" data-end=\"940\"><p data-start=\"908\" data-end=\"940\">Gardez vos identifiants de connexion confidentiels.<\/p><\/li><li data-start=\"941\" data-end=\"991\"><p data-start=\"943\" data-end=\"991\">Ne pas partager, revendre ou redistribuer le service<\/p><\/li><li data-start=\"992\" data-end=\"1052\"><p data-start=\"994\" data-end=\"1052\">N\u2019utilisez pas le service pour des activit\u00e9s ill\u00e9gales ou commerciales<\/p><\/li><\/ul><p data-start=\"1054\" data-end=\"1134\">Le non-respect de ces r\u00e8gles peut entra\u00eener une suspension ou un licenciement sans pr\u00e9avis.<\/p><hr data-start=\"1136\" data-end=\"1139\" \/><p data-start=\"1141\" data-end=\"1168\"><strong data-start=\"1141\" data-end=\"1168\">Abonnement et acc\u00e8s<\/strong><\/p><ul data-start=\"1170\" data-end=\"1403\"><li data-start=\"1170\" data-end=\"1226\"><p data-start=\"1172\" data-end=\"1226\">Les abonnements sont valables uniquement pour la p\u00e9riode s\u00e9lectionn\u00e9e.<\/p><\/li><li data-start=\"1227\" data-end=\"1298\"><p data-start=\"1229\" data-end=\"1298\">L'acc\u00e8s commence apr\u00e8s l'activation et se termine automatiquement \u00e0 l'expiration.<\/p><\/li><li data-start=\"1299\" data-end=\"1403\"><p data-start=\"1301\" data-end=\"1403\">Nous ne sommes pas responsables des interruptions de service caus\u00e9es par l'utilisateur, l'appareil, le fournisseur d'acc\u00e8s Internet ou les applications tierces.<\/p><\/li><\/ul><hr data-start=\"1405\" data-end=\"1408\" \/><p data-start=\"1410\" data-end=\"1434\"><strong data-start=\"1410\" data-end=\"1434\">Disponibilit\u00e9 du service<\/strong><\/p><p data-start=\"1436\" data-end=\"1491\">Nous visons \u00e0 assurer une disponibilit\u00e9 \u00e9lev\u00e9e, mais nous ne garantissons pas\u00a0:<\/p><ul data-start=\"1492\" data-end=\"1570\"><li data-start=\"1492\" data-end=\"1521\"><p data-start=\"1494\" data-end=\"1521\">Disponibilit\u00e9 du service \u00e0 100 %<\/p><\/li><li data-start=\"1522\" data-end=\"1570\"><p data-start=\"1524\" data-end=\"1570\">Acc\u00e8s continu \u00e0 tous les canaux ou contenus<\/p><\/li><\/ul><p data-start=\"1572\" data-end=\"1648\">Des op\u00e9rations de maintenance, des mises \u00e0 jour ou des probl\u00e8mes techniques peuvent entra\u00eener des interruptions temporaires.<\/p><hr data-start=\"1650\" data-end=\"1653\" \/><p data-start=\"1655\" data-end=\"1677\"><strong data-start=\"1655\" data-end=\"1677\">Avertissement relatif au contenu<\/strong><\/p><p data-start=\"1679\" data-end=\"1822\">Les listes de cha\u00eenes et le contenu VOD peuvent \u00eatre modifi\u00e9s, supprim\u00e9s ou remplac\u00e9s \u00e0 tout moment et sans pr\u00e9avis.<br data-start=\"1772\" data-end=\"1775\" \/>Nous ne contr\u00f4lons ni ne poss\u00e9dons le contenu diffus\u00e9.<\/p><hr data-start=\"1824\" data-end=\"1827\" \/><p data-start=\"1829\" data-end=\"1853\"><strong data-start=\"1829\" data-end=\"1853\">Paiements et facturation<\/strong><\/p><ul data-start=\"1855\" data-end=\"2037\"><li data-start=\"1855\" data-end=\"1926\"><p data-start=\"1857\" data-end=\"1926\">Tous les paiements sont d\u00e9finitifs, sauf indication contraire dans notre politique de remboursement.<\/p><\/li><li data-start=\"1927\" data-end=\"1981\"><p data-start=\"1929\" data-end=\"1981\">Les prix peuvent changer \u00e0 tout moment et sans pr\u00e9avis.<\/p><\/li><li data-start=\"1982\" data-end=\"2037\"><p data-start=\"1984\" data-end=\"2037\">Les promotions ou les remises peuvent \u00eatre limit\u00e9es ou retir\u00e9es.<\/p><\/li><\/ul><hr data-start=\"2039\" data-end=\"2042\" \/><p data-start=\"2044\" data-end=\"2074\"><strong data-start=\"2044\" data-end=\"2074\">Suspension et r\u00e9siliation<\/strong><\/p><p data-start=\"2076\" data-end=\"2132\">Nous nous r\u00e9servons le droit de suspendre ou de r\u00e9silier le service si\u00a0:<\/p><ul data-start=\"2133\" data-end=\"2241\"><li data-start=\"2133\" data-end=\"2161\"><p data-start=\"2135\" data-end=\"2161\">Ces conditions sont viol\u00e9es.<\/p><\/li><li data-start=\"2162\" data-end=\"2197\"><p data-start=\"2164\" data-end=\"2197\">Une activit\u00e9 frauduleuse est d\u00e9tect\u00e9e.<\/p><\/li><li data-start=\"2198\" data-end=\"2241\"><p data-start=\"2200\" data-end=\"2241\">Un partage excessif de comptes a \u00e9t\u00e9 constat\u00e9.<\/p><\/li><\/ul><p data-start=\"2243\" data-end=\"2283\">Aucun remboursement ne sera effectu\u00e9 dans de tels cas.<\/p><hr data-start=\"2285\" data-end=\"2288\" \/><p data-start=\"2290\" data-end=\"2317\"><strong data-start=\"2290\" data-end=\"2317\">Limitation de responsabilit\u00e9<\/strong><\/p><p data-start=\"2319\" data-end=\"2346\">Nous ne sommes pas responsables de :<\/p><ul data-start=\"2347\" data-end=\"2476\"><li data-start=\"2347\" data-end=\"2384\"><p data-start=\"2349\" data-end=\"2384\">Probl\u00e8mes li\u00e9s \u00e0 Internet ou \u00e0 l'appareil<\/p><\/li><li data-start=\"2385\" data-end=\"2415\"><p data-start=\"2387\" data-end=\"2415\">blocage ou limitation du FAI<\/p><\/li><li data-start=\"2416\" data-end=\"2476\"><p data-start=\"2418\" data-end=\"2476\">Perte de donn\u00e9es ou interruptions de service ind\u00e9pendantes de notre volont\u00e9<\/p><\/li><\/ul><p data-start=\"2478\" data-end=\"2517\">L'utilisation de ce service se fait \u00e0 vos propres risques.<\/p><hr data-start=\"2519\" data-end=\"2522\" \/><p data-start=\"2524\" data-end=\"2544\"><strong data-start=\"2524\" data-end=\"2544\">Modifications des conditions<\/strong><\/p><p data-start=\"2546\" data-end=\"2663\">Nous pouvons modifier ces conditions d'utilisation \u00e0 tout moment. En continuant d'utiliser le service, vous acceptez les conditions mises \u00e0 jour.<\/p><hr data-start=\"2665\" data-end=\"2668\" \/><p data-start=\"2670\" data-end=\"2693\"><strong data-start=\"2670\" data-end=\"2693\">Coordonn\u00e9es<\/strong><\/p><p data-start=\"2695\" data-end=\"2768\">E-mail: <strong data-start=\"2702\" data-end=\"2726\">contact@viewizi<\/strong><strong style=\"font-size: 1rem;\"><span style=\"color: #000000;\">.com<\/span><\/strong><\/p>\t\t\t\t\t\t\t\t<\/div>\n\t\t\t\t\t<\/div>\n\t\t\t\t<\/div>\n\t\t\t\t<\/div>","protected":false},"excerpt":{"rendered":"<p>TERMS OF SERVICE Welcome to VIEWIZI. By accessing, purchasing, or using our services, you agree to be bound by these Terms of Service. If you do not agree, please do not use our service. Service Description We provide IPTV subscription services that allow access to television channels and video-on-demand content via the internet.All services are delivered digitally. Eligibility By using our service, you confirm that: You are at least 18 years old You are legally allowed to use IPTV services in your country You will use the service for personal, non-commercial purposes Account and Usage Rules Users agree to: Use only supported devices and applications Keep login credentials private Not share, resell, or redistribute the service Not use the service for illegal or commercial activities Violation of these rules may result in suspension or termination without notice. Subscription and Access Subscriptions are valid only for the selected period Access starts after activation and ends automatically at expiration We are not responsible for service interruption caused by the user, device, ISP, or third-party apps Service Availability We aim to provide high uptime, but we do not guarantee: 100% service availability Continuous access to all channels or content Maintenance, updates, or technical issues may cause temporary interruptions. Content Disclaimer Channel lists and VOD content may change, be removed, or replaced at any time without notice.We do not control or own the broadcast content. Payments and Billing All payments are final unless stated otherwise in our Refund Policy Prices may change at any time without prior notice Promotions or discounts may be limited or withdrawn Suspension and Termination We reserve the right to suspend or terminate service if: These Terms are violated Fraudulent activity is detected Excessive account sharing is identified No refunds will be issued in such cases. Limitation of Liability We are not responsible for: Internet or device-related issues ISP blocking or throttling Loss of data or service interruptions beyond our control Use of the service is at your own risk. Changes to Terms We may update these Terms of Service at any time. Continued use of the service means acceptance of the updated terms. Contact Information Email: contact@viewizi.com<\/p>","protected":false},"author":2,"featured_media":0,"parent":0,"menu_order":0,"comment_status":"closed","ping_status":"closed","template":"","meta":{"footnotes":""},"class_list":["post-836","page","type-page","status-publish","hentry"],"_hostinger_reach_plugin_has_subscription_block":false,"_hostinger_reach_plugin_is_elementor":false,"_links":{"self":[{"href":"https:\/\/viewizi.com\/fr\/wp-json\/wp\/v2\/pages\/836","targetHints":{"allow":["GET"]}}],"collection":[{"href":"https:\/\/viewizi.com\/fr\/wp-json\/wp\/v2\/pages"}],"about":[{"href":"https:\/\/viewizi.com\/fr\/wp-json\/wp\/v2\/types\/page"}],"author":[{"embeddable":true,"href":"https:\/\/viewizi.com\/fr\/wp-json\/wp\/v2\/users\/2"}],"replies":[{"embeddable":true,"href":"https:\/\/viewizi.com\/fr\/wp-json\/wp\/v2\/comments?post=836"}],"version-history":[{"count":17,"href":"https:\/\/viewizi.com\/fr\/wp-json\/wp\/v2\/pages\/836\/revisions"}],"predecessor-version":[{"id":2893,"href":"https:\/\/viewizi.com\/fr\/wp-json\/wp\/v2\/pages\/836\/revisions\/2893"}],"wp:attachment":[{"href":"https:\/\/viewizi.com\/fr\/wp-json\/wp\/v2\/media?parent=836"}],"curies":[{"name":"wp","href":"https:\/\/api.w.org\/{rel}","templated":true}]}}