{"id":2743,"date":"2026-03-16T08:22:13","date_gmt":"2026-03-16T08:22:13","guid":{"rendered":"https:\/\/viewizi.com\/?post_type=product&#038;p=2743"},"modified":"2026-03-19T09:10:53","modified_gmt":"2026-03-19T09:10:53","slug":"free-trial","status":"publish","type":"product","link":"https:\/\/viewizi.com\/de\/produkt\/free-trial\/","title":{"rendered":"Kostenlose Testversion"},"content":{"rendered":"<p>Erleben Sie erstklassige Unterhaltung mit unserem Premium-IPTV-Service. Zugriff\u00a0<strong>\u00fcber 39.000 Kan\u00e4le<\/strong>\u00a0including sports, movies, kids programs, and series \u2014 <strong>all in\u00a0high-quality, buffer-free streaming<\/strong>Unser Service ist kompatibel mit Smart-TVs, Smartphones und PCs und bringt Ihnen nahtloses Fernsehvergn\u00fcgen direkt nach Hause. W\u00e4hlen Sie den passenden Tarif und genie\u00dfen Sie grenzenlose Unterhaltung mit einer modernen und zuverl\u00e4ssigen IPTV-L\u00f6sung.<\/p>","protected":false},"excerpt":{"rendered":"<div data-elementor-type=\"container\" data-elementor-id=\"2569\" class=\"elementor elementor-2569\" data-elementor-post-type=\"elementor_library\">\n<div class=\"has_eae_slider elementor-element elementor-element-361203d e-con-full e-flex wpr-particle-no wpr-jarallax-no wpr-parallax-no wpr-sticky-section-no wpr-equal-height-no e-con e-parent\" data-eae-slider=\"16059\" data-id=\"361203d\" data-element_type=\"container\" data-e-type=\"container\">\n<div class=\"elementor-element elementor-element-720784d elementor-align-start elementor-icon-list--layout-traditional elementor-list-item-link-full_width elementor-widget elementor-widget-icon-list\" data-id=\"720784d\" data-element_type=\"widget\" data-e-type=\"widget\" data-widget_type=\"icon-list.default\">\n<ul class=\"elementor-icon-list-items\">\n<li class=\"elementor-icon-list-item\">\n\t\t\t\t\t\t\t\t\t\t<span class=\"elementor-icon-list-text\">\ud83d\udce1 Kein Puffern mehr<\/span>\n\t\t\t\t\t\t\t\t\t<\/li>\n<li class=\"elementor-icon-list-item\">\n\t\t\t\t\t\t\t\t\t\t<span class=\"elementor-icon-list-text\">\ud83d\udda5\ufe0f Ultra HD &amp; 4K Qualit\u00e4t<\/span>\n\t\t\t\t\t\t\t\t\t<\/li>\n<li class=\"elementor-icon-list-item\">\n\t\t\t\t\t\t\t\t\t\t<span class=\"elementor-icon-list-text\">\ud83c\udfac Alle Premium-Kan\u00e4le<\/span>\n\t\t\t\t\t\t\t\t\t<\/li>\n<li class=\"elementor-icon-list-item\">\n\t\t\t\t\t\t\t\t\t\t<span class=\"elementor-icon-list-text\">\ud83d\udd12 Sicher, gesch\u00fctzt und zuverl\u00e4ssig<\/span>\n\t\t\t\t\t\t\t\t\t<\/li>\n<\/ul><\/div>\n<\/p><\/div>\n<\/p><\/div>","protected":false},"featured_media":2744,"comment_status":"open","ping_status":"closed","template":"","meta":[],"product_brand":[],"product_cat":[23],"product_tag":[],"class_list":{"0":"post-2743","1":"product","2":"type-product","3":"status-publish","4":"has-post-thumbnail","6":"product_cat-iptv-subsciption","8":"first","9":"instock","10":"virtual","11":"purchasable","12":"product-type-simple"},"wcpa_form_fields":null,"_links":{"self":[{"href":"https:\/\/viewizi.com\/de\/wp-json\/wp\/v2\/product\/2743","targetHints":{"allow":["GET"]}}],"collection":[{"href":"https:\/\/viewizi.com\/de\/wp-json\/wp\/v2\/product"}],"about":[{"href":"https:\/\/viewizi.com\/de\/wp-json\/wp\/v2\/types\/product"}],"replies":[{"embeddable":true,"href":"https:\/\/viewizi.com\/de\/wp-json\/wp\/v2\/comments?post=2743"}],"wp:featuredmedia":[{"embeddable":true,"href":"https:\/\/viewizi.com\/de\/wp-json\/wp\/v2\/media\/2744"}],"wp:attachment":[{"href":"https:\/\/viewizi.com\/de\/wp-json\/wp\/v2\/media?parent=2743"}],"wp:term":[{"taxonomy":"product_brand","embeddable":true,"href":"https:\/\/viewizi.com\/de\/wp-json\/wp\/v2\/product_brand?post=2743"},{"taxonomy":"product_cat","embeddable":true,"href":"https:\/\/viewizi.com\/de\/wp-json\/wp\/v2\/product_cat?post=2743"},{"taxonomy":"product_tag","embeddable":true,"href":"https:\/\/viewizi.com\/de\/wp-json\/wp\/v2\/product_tag?post=2743"}],"curies":[{"name":"wp","href":"https:\/\/api.w.org\/{rel}","templated":true}]}}